{"id":186,"date":"2024-11-05T15:53:46","date_gmt":"2024-11-05T15:53:46","guid":{"rendered":"https:\/\/elegant-excursions.com\/?page_id=186"},"modified":"2024-11-12T12:29:22","modified_gmt":"2024-11-12T12:29:22","slug":"aviso-legal","status":"publish","type":"page","link":"https:\/\/elegant-excursions.com\/nl\/aviso-legal\/","title":{"rendered":"Wettelijke kennisgeving"},"content":{"rendered":"<p>[et_pb_section fb_built=\"1\u2033 _builder_version=\"4.27.2\u2033 _module_preset=\"default\" custom_padding=\"41px|||||\" global_colors_info=\"{}\"][et_pb_row _builder_version=\"4.27.2\u2033 _module_preset=\"default\" global_colors_info=\"{}\"][et_pb_column type=\"4_4\u2033 _builder_version=\"4.27.2\u2033 _module_preset=\"default\" global_colors_info=\"{}\"][et_pb_text _builder_version=\"4.27.2\u2033 _module_preset=\"default\" header_text_align=\"left\" global_colors_info=\"{}\"]<\/p>\n<h1>Wettelijke kennisgeving<\/h1>\n<p>[\/et_pb_text][et_pb_text _builder_version=\"4.27.2\u2033 _module_preset=\"default\" global_colors_info=\"{}\"]<\/p>\n<p><b>WETTELIJKE KENNISGEVING<\/b><\/p>\n<p><b>Elegant Excursions S.L.U. <\/b><span style=\"font-weight: 400;\"><br \/><\/span><span style=\"font-weight: 400;\">Crta Sabinita alta - Cruz del Guanche 121 - 38649 Arona - Santa cruz de Tenerife - Spanje<\/span><span style=\"font-weight: 400;\"><br \/><\/span><span style=\"font-weight: 400;\">INTERMEDIARIO TUR\u00cdSTICO I-0002280.3<\/span><span style=\"font-weight: 400;\"><br \/><\/span><span style=\"font-weight: 400;\"><br \/><\/span><b>Teide by Night<\/b> <span style=\"font-weight: 400;\"><br \/><\/span><span style=\"font-weight: 400;\">INTERMEDIARIO TUR\u00cdSTICO I-0002280.4<\/span><span style=\"font-weight: 400;\"><br \/><\/span><span style=\"font-weight: 400;\">TURISMO ACTIVO <\/span><span style=\"font-weight: 400;\"><br \/><\/span><span style=\"font-weight: 400;\">TA-40000895.36<\/span><span style=\"font-weight: 400;\"><br \/><\/span><span style=\"font-weight: 400;\">TA-4-0000006<\/span><\/p>\n<p><span style=\"font-weight: 400;\">Klachtenformulieren verkrijgbaar bij: Kantoor van Elegant Excursions\/Teide by Night in Caretera General TF-66 Cruz del Guanche, Valle San Lorenzo, Tenerife.<\/span><span style=\"font-weight: 400;\"><br \/><\/span><span style=\"font-weight: 400;\">Tussen 10.00 en 16.00 uur van maandag tot vrijdag.<\/span><\/p>\n<p class=\"translation-block\"><span style=\"font-weight:400\">Gebruiksvoorwaarden van de website <\/span><span style=\"font-weight: 400\"><br><\/span><span style=\"font-weight: 400\"><\/span><a href=\"https:\/\/elegant-excursions.com\/nl\/\" target=\"_self\"><span style=\"font-weight: 400\"> https:\/\/www.elegant-excursions.com<\/span><span style=\"font-weight: 400\"><br><\/span><\/a><span style=\"font-weight: 400\">https:\/\/www.teidebynight.com\/<\/span><\/p>\n<p><span style=\"font-weight: 400;\">Elegant Excursions SLU is eigenaar van het handelsmerk, het domein en de website <a href=\"https:\/\/elegant-excursions.com\/nl\/\">https:\/\/<\/a><\/span><a href=\"https:\/\/elegant-excursions.com\/nl\/\"><span style=\"font-weight: 400;\">www.elegant-excursions.com<\/span><\/a><span style=\"font-weight: 400;\"> en <a href=\"https:\/\/www.teidebynight.com\/\">https:\/\/www.teidebynight.com\/<\/a><\/span><\/p>\n<p><b>Intellectueel eigendom<\/b><b><br \/><\/b><span style=\"font-weight: 400;\">1. Deze website (teksten, afbeeldingen, handelsmerken, logo's, audio en video's, knoppen, kleurencombinaties, evenals de structuur, selectie en presentatie van de inhoud) wordt beschermd door de Spaanse en internationale wetgeving inzake intellectueel eigendom. Bovendien wordt de inhoud van deze website beschouwd als software die voldoet aan de Spaanse en Europese regelgeving op dit gebied. Reproductie van het geheel of een deel van deze website zonder toestemming van Elegant Excursions S.L.U. is uitdrukkelijk verboden.<\/span><\/p>\n<ol start=\"2\">\n<li><span style=\"font-weight: 400;\"> Elegant Excursions S.L.U. is niet verantwoordelijk voor de inhoud of verklaringen gepubliceerd op andere websites, die in strijd kunnen zijn met onze mening of principes. Niettemin respecteert Elegant Excursions de intellectuele eigendomsrechten van alle auteurs, evenals hun vrijheid van meningsuiting.<\/span><\/li>\n<\/ol>\n<p><b>Gebruikerstoegang tot de site<\/b><b><br \/><\/b><span style=\"font-weight: 400;\">De website is toegankelijk voor alle gebruikers <a href=\"https:\/\/elegant-excursions.com\/nl\/\"><\/a><a href=\"https:\/\/elegant-excursions.com\/nl\/\">https:\/\/www.elegant-excursions.com<\/a><\/span><span style=\"font-weight: 400;\">\u00a0en <a href=\"https:\/\/www.teidebynight.com\/\">https:\/\/www.teidebynight.com\/<\/a> gratis.<\/span><\/p>\n<p>&nbsp;<\/p>\n<p><b>ALGEMENE VOORWAARDEN<\/b><\/p>\n<p><b>Privacy en veiligheid<\/b><b><br \/><\/b><span style=\"font-weight: 400;\">We begrijpen dat het verstrekken van uw persoonlijke gegevens vertrouwen vereist. Onze prioriteit is om dat vertrouwen te behouden door uw informatie met de grootst mogelijke veiligheid en vertrouwelijkheid te behandelen telkens wanneer u onze website bezoekt of gebruik maakt van onze diensten. We hebben basisinformatie nodig om je boeking te voltooien, zoals je naam, telefoonnummer en e-mailadres.<\/span><\/p>\n<p><b>Servicevoorwaarden<\/b><b><br \/><\/b><span style=\"font-weight: 400;\">Lees deze algemene voorwaarden zorgvuldig door voordat u online boekt bij <\/span><i><span style=\"font-weight: 400;\">Elegant Excursions<\/span><\/i><span style=\"font-weight: 400;\">. Als Nederlands niet uw moedertaal is, is het uw verantwoordelijkheid om ervoor te zorgen dat u deze voorwaarden duidelijk begrijpt voordat u uw aanvaarding bevestigt door het betreffende vakje aan te vinken.<\/span><\/p>\n<p><b>Boekingsvoorwaarden<\/b><b><br \/><\/b><span style=\"font-weight: 400;\">Bij het boeken van een van de excursies op <a href=\"https:\/\/www.teidebynight.com\/\">https:\/\/www.teidebynight.com<\/a>\u00a0of <a href=\"https:\/\/elegant-excursions.com\/nl\/\">https:\/\/<\/a><\/span><a href=\"https:\/\/elegant-excursions.com\/nl\/\"><span style=\"font-weight: 400;\">www.elegant-excursions.com<\/span><\/a><span style=\"font-weight: 400;\">, gaat u akkoord met deze servicevoorwaarden:<\/span><\/p>\n<ul>\n<li style=\"font-weight: 400;\" aria-level=\"1\"><span style=\"font-weight: 400;\">Alle prijzen zijn in euro.<\/span><\/li>\n<li style=\"font-weight: 400;\" aria-level=\"1\"><span style=\"font-weight: 400;\">Reserveringen moeten ten minste 24 uur voor ophaal worden betaald, anders worden ze automatisch geannuleerd.<\/span><\/li>\n<\/ul>\n<p><b>Digitale tickets<\/b><b><br \/><\/b><span style=\"font-weight: 400;\">Na het voltooien van je boeking ontvang je je digitale tickets per e-mail, die je op de dag van de excursie moet laten zien (digitaal formaat).<\/span><\/p>\n<p><b>Annuleringsvoorwaarden<\/b><b><br \/><\/b><span style=\"font-weight: 400;\">We bieden een volledige terugbetaling voor boekingen die meer dan 24 uur voor afhaaltijd worden geannuleerd. Er wordt geen restitutie gegeven voor annuleringen binnen 24 uur voor afhaaltijd.<\/span><b><br \/><\/b><i><span style=\"font-weight: 400;\">Elegant Excursions<\/span><\/i><span style=\"font-weight: 400;\"> mag de activiteit annuleren in geval van slechte weersomstandigheden, overheidsmaatregelen of onvoorziene externe omstandigheden die het onmogelijk of moeilijk maken om de activiteit uit te voeren, zonder vergoeding van schade of claims.<\/span><\/p>\n<p><em>Elegant Excursions<\/em> behoudt zich het recht voor om toegang te weigeren of een deelnemer uit te sluiten van een activiteit als deze niet voldoet aan de geschiktheidsvereisten of als zijn\/haar deelname een risico vormt voor zichzelf of anderen, of het goede verloop van de activiteit verstoort.<\/p>\n<p>&nbsp;<\/p>\n<p><b>PRIVACYBELEID<\/b><b><br \/><\/b><span style=\"font-weight: 400;\">In overeenstemming met de Algemene Verordening Gegevensbescherming (EU) 2016\/679 van het Europees Parlement en de Raad van 27 april 2016, informeren wij u dat de verstrekte persoonlijke gegevens zullen worden verwerkt door ELEGANT EXCURSIONS S.L.U. met CIF-nummer B76560895, gevestigd in EL GUANCHE (SANTA CRUZ DE TENERIFE), C. P. 38639, CRTA SABINITA ALTA. De rechtsgrondslag voor de verwerking van uw persoonlijke gegevens is de uitvoering van de gecontracteerde dienst. Het toekomstige aanbod van producten en diensten zal gebaseerd zijn op de gevraagde toestemming.<\/span><\/p>\n<p><span style=\"font-weight: 400;\">De verstrekte gegevens worden bewaard voor de duur van de zakelijke relatie of voor de jaren die nodig zijn om aan wettelijke verplichtingen te voldoen. De gegevens worden niet doorgegeven aan derden, behalve in gevallen waarin sprake is van een wettelijke verplichting. <\/span><span style=\"font-weight: 400;\"><br \/><\/span><span style=\"font-weight: 400;\">We vragen ook toestemming om u producten en diensten te leveren die gerelateerd zijn aan de producten en diensten die door ons bedrijf worden besteld, uitgevoerd en\/of op de markt gebracht, waardoor we u als klant kunnen behouden.<\/span><\/p>\n<p>&nbsp;<\/p>\n<p><b>COOKIEBELEID<\/b><\/p>\n<p><span style=\"font-weight: 400;\">Elegant Excursions kan cookies en soortgelijke technologie\u00ebn (hierna \"Cookies\") gebruiken om informatie op te slaan en op te halen van de apparaten van de gebruikers van haar websites.<\/span><\/p>\n<p><span style=\"font-weight: 400;\">U verklaart dat u het gebruik van cookies en ons Privacybeleid accepteert als u de website doorbladert of blijft gebruiken. Het gebruik van cookies is vrijwillig, maar als u de installatie van cookies blokkeert, kunt u problemen ondervinden bij het gebruik van sommige functies van de website.<\/span><\/p>\n<p><b>Wat voor soort cookies gebruikt deze site?<\/b><b><br \/><\/b><span style=\"font-weight: 400;\">Technische cookies: voor browsen en de goede werking van de website. Ze zijn nodig om toegang te krijgen tot afgeschermde gedeelten, het aankoopproces te voltooien of inhoud te delen op sociale netwerken.<\/span><b><br \/><\/b><span style=\"font-weight: 400;\">Personalisatiecookies: hiermee kunt u een aantal aspecten configureren, zoals taal, valuta, regionale configuratie, enz.<\/span><b><br \/><\/b><span style=\"font-weight: 400;\">Analysecookies: deze maken een statistische analyse van het gebruik van de website mogelijk.<\/span><b><br \/><\/b><span style=\"font-weight: 400;\">Advertentiecookies: maken effectief beheer van advertentieruimten mogelijk.<\/span><b><br \/><\/b><span style=\"font-weight: 400;\">Cookies voor gedragsreclame: deze registreren surfgewoonten en maken het mogelijk gepersonaliseerde inhoud weer te geven.<\/span><b><br \/><\/b><span style=\"font-weight: 400;\">Deze website maakt gebruik van reCaptcha-technologie om het verzenden en ontvangen van automatisch gegenereerde spam e-mails te voorkomen. Deze service verzamelt informatie over de hardware en software van de gebruiker om een reeks controles uit te voeren om te bepalen of de bezoeker een persoon of een robot is. Lees het privacybeleid van Google.<\/span><\/p>\n<p><span style=\"font-weight: 400;\">Daarnaast moet u zich ervan bewust zijn dat cookies van derden die naar uw apparaat worden verzonden door andere partners, zoals sociale netwerken of externe ingesloten inhoud zoals video's, zoals Facebook, Twitter, Pinterest, Google+, GAnalytics, Vimeo, enz. worden ge\u00efnstalleerd.<\/span><\/p>\n<p><b>Beheer van cookies<\/b><b><br \/><\/b><span style=\"font-weight: 400;\">U kunt cookies die op uw apparaat zijn ge\u00efnstalleerd toestaan, blokkeren of verwijderen door uw browseropties te configureren: Firefox, Chrome, Internet Explorer, Safari, Opera. Als u een andere browser gebruikt dan de bovenstaande, raadpleeg dan de ondersteuningsinhoud of configuratie-instellingen.<\/span><\/p>\n<p><span style=\"font-weight: 400;\">Om remarketingadvertenties op basis van cookies uit te schakelen, kunt u de volgende koppelingen gebruiken: Facebook, Twitter (vink het vakje \"Promoted content\" uit in de privacy-instellingen) en AdWords. Als u niet wilt dat de JavaScript-code van Google Analytics gegevens over uw bezoek verzamelt, kunt u de opt-out add-on in uw browser installeren. De add-on voorkomt niet dat informatie naar de website zelf wordt gestuurd of op een andere manier naar andere webanalysediensten.<\/span><\/p>\n<p>&nbsp;<\/p>\n<p>[\/et_pb_text][\/et_pb_column][\/et_pb_row][\/et_pb_section].<\/p>","protected":false},"excerpt":{"rendered":"<p>WETTELIJKE OPMERKING Elegant Excursions S.L.U. Crta Sabinita alta - Cruz del Guanche 121 - 38649 Arona - Santa cruz de Tenerife - Espa\u00f1aINTERMEDIARIO TUR\u00cdSTICO I-0002280.3Teide by Night INTERMEDIARIO TUR\u00cdSTICO I-0002280.4TURISMO ACTIVO TA-40000895.36TA-4-0000006 Klachtenformulieren verkrijgbaar bij: Kantoor van Elegante Excursies\/Teide by Night op Caretera General TF-66 Cruz del Guanche, Valle San Lorenzo, Tenerife.van 10 tot 16 uur van maandag tot vrijdag. Gebruiksvoorwaarden van de website https:\/\/www.elegant-excursions.comhttps:\/\/www.teidebynight.com\/ Elegant Excursions SLU is eigenaar van het handelsmerk, het domein en de website (hierna de website) https:\/\/www.elegant-excursions.com en https:\/\/www.teidebynight.com\/ Intellectueel eigendom1. Deze website (teksten, afbeeldingen, handelsmerken, logo's, audio- en videoclips, knoppen, kleurencombinaties, evenals de structuur, selectie en presentatie van de inhoud) wordt beschermd door de Spaanse en internationale wetgeving inzake intellectueel eigendom. Bovendien wordt de inhoud van deze website beschouwd als software die voldoet aan de Spaanse en Europese regelgeving op dit gebied. Reproductie van het geheel of een deel van deze website zonder toestemming van Elegant Excursions S.L.U. is uitdrukkelijk verboden. Elegant Excursions S.L.U. is niet verantwoordelijk, noch aansprakelijk voor de inhoud of verklaringen gepubliceerd op andere pagina's, die in strijd kunnen zijn met de wet.<\/p>","protected":false},"author":1,"featured_media":0,"parent":0,"menu_order":0,"comment_status":"closed","ping_status":"closed","template":"","meta":{"_et_pb_use_builder":"on","_et_pb_old_content":"","_et_gb_content_width":"","footnotes":""},"class_list":["post-186","page","type-page","status-publish","hentry"],"yoast_head":"<!-- This site is optimized with the Yoast SEO plugin v26.0 - https:\/\/yoast.com\/wordpress\/plugins\/seo\/ -->\n<title>Aviso Legal - Elegant Excursions<\/title>\n<meta name=\"robots\" content=\"index, follow, max-snippet:-1, max-image-preview:large, max-video-preview:-1\" \/>\n<link rel=\"canonical\" href=\"https:\/\/elegant-excursions.com\/nl\/aviso-legal\/\" \/>\n<meta property=\"og:locale\" content=\"nl_NL\" \/>\n<meta property=\"og:type\" content=\"article\" \/>\n<meta property=\"og:title\" content=\"Aviso Legal - Elegant Excursions\" \/>\n<meta property=\"og:description\" content=\"Aviso LegalAVISO LEGAL Elegant Excursions S.L.U. Crta Sabinita alta \u2013 Cruz del Guanche 121 \u2013 38649 Arona \u2013 Santa cruz de Tenerife - Espa\u00f1aINTERMEDIARIO TUR\u00cdSTICO I-0002280.3Teide by Night INTERMEDIARIO TUR\u00cdSTICO I-0002280.4TURISMO ACTIVO TA-40000895.36TA-4-0000006 Hojas de reclamaciones disponibles en: Oficina de Elegant Excursions\/Teide by Night en la Caretera General TF-66 Cruz del Guanche, valle san Lorenzo, Tenerife.En horario de 10 a 16 h. de lunes a viernes. T\u00e9rminos y condiciones de uso de sitio web https:\/\/www.elegant-excursions.comhttps:\/\/www.teidebynight.com\/ Elegant Excursions SLU posee la marca registrada, el dominio y el sitio web (de aqu\u00ed el sitio web) https:\/\/www.elegant-excursions.com y https:\/\/www.teidebynight.com\/ Propiedad intelectual1. Este sitio web (textos, im\u00e1genes, marcas registradas, logotipos, audios y videos, botones, combinaciones de colores, as\u00ed como la estructura, selecci\u00f3n y presentaci\u00f3n del contenido) est\u00e1 protegido por la legislaci\u00f3n espa\u00f1ola y la legislaci\u00f3n internacional sobre la propiedad intelectual. Adem\u00e1s, el contenido de este sitio web se considera un software que cumple con la normativa espa\u00f1ola y europea a este respecto. La reproducci\u00f3n total o parcial de este sitio web sin el permiso de Elegant Excursions S.L.U. est\u00e1 expresamente prohibida. Elegant Excursions S.L.U. no es, ni se hace responsable de los contenidos o declaraciones publicadas en otras p\u00e1ginas, que pueden ser contrarios a [&hellip;]\" \/>\n<meta property=\"og:url\" content=\"https:\/\/elegant-excursions.com\/nl\/aviso-legal\/\" \/>\n<meta property=\"og:site_name\" content=\"Elegant Excursions\" \/>\n<meta property=\"article:modified_time\" content=\"2024-11-12T12:29:22+00:00\" \/>\n<meta name=\"twitter:card\" content=\"summary_large_image\" \/>\n<meta name=\"twitter:label1\" content=\"Geschatte leestijd\" \/>\n\t<meta name=\"twitter:data1\" content=\"6 minuten\" \/>\n<script type=\"application\/ld+json\" class=\"yoast-schema-graph\">{\"@context\":\"https:\/\/schema.org\",\"@graph\":[{\"@type\":\"WebPage\",\"@id\":\"https:\/\/elegant-excursions.com\/aviso-legal\/\",\"url\":\"https:\/\/elegant-excursions.com\/aviso-legal\/\",\"name\":\"Aviso Legal - Elegant Excursions\",\"isPartOf\":{\"@id\":\"https:\/\/elegant-excursions.com\/#website\"},\"datePublished\":\"2024-11-05T15:53:46+00:00\",\"dateModified\":\"2024-11-12T12:29:22+00:00\",\"breadcrumb\":{\"@id\":\"https:\/\/elegant-excursions.com\/aviso-legal\/#breadcrumb\"},\"inLanguage\":\"nl-NL\",\"potentialAction\":[{\"@type\":\"ReadAction\",\"target\":[\"https:\/\/elegant-excursions.com\/aviso-legal\/\"]}]},{\"@type\":\"BreadcrumbList\",\"@id\":\"https:\/\/elegant-excursions.com\/aviso-legal\/#breadcrumb\",\"itemListElement\":[{\"@type\":\"ListItem\",\"position\":1,\"name\":\"Portada\",\"item\":\"https:\/\/elegant-excursions.com\/\"},{\"@type\":\"ListItem\",\"position\":2,\"name\":\"Aviso Legal\"}]},{\"@type\":\"WebSite\",\"@id\":\"https:\/\/elegant-excursions.com\/#website\",\"url\":\"https:\/\/elegant-excursions.com\/\",\"name\":\"Elegant Excursions\",\"description\":\"\",\"potentialAction\":[{\"@type\":\"SearchAction\",\"target\":{\"@type\":\"EntryPoint\",\"urlTemplate\":\"https:\/\/elegant-excursions.com\/?s={search_term_string}\"},\"query-input\":{\"@type\":\"PropertyValueSpecification\",\"valueRequired\":true,\"valueName\":\"search_term_string\"}}],\"inLanguage\":\"nl-NL\"}]}<\/script>\n<!-- \/ Yoast SEO plugin. -->","yoast_head_json":{"title":"Aviso Legal - Elegant Excursions","robots":{"index":"index","follow":"follow","max-snippet":"max-snippet:-1","max-image-preview":"max-image-preview:large","max-video-preview":"max-video-preview:-1"},"canonical":"https:\/\/elegant-excursions.com\/nl\/aviso-legal\/","og_locale":"nl_NL","og_type":"article","og_title":"Aviso Legal - Elegant Excursions","og_description":"Aviso LegalAVISO LEGAL Elegant Excursions S.L.U. Crta Sabinita alta \u2013 Cruz del Guanche 121 \u2013 38649 Arona \u2013 Santa cruz de Tenerife - Espa\u00f1aINTERMEDIARIO TUR\u00cdSTICO I-0002280.3Teide by Night INTERMEDIARIO TUR\u00cdSTICO I-0002280.4TURISMO ACTIVO TA-40000895.36TA-4-0000006 Hojas de reclamaciones disponibles en: Oficina de Elegant Excursions\/Teide by Night en la Caretera General TF-66 Cruz del Guanche, valle san Lorenzo, Tenerife.En horario de 10 a 16 h. de lunes a viernes. T\u00e9rminos y condiciones de uso de sitio web https:\/\/www.elegant-excursions.comhttps:\/\/www.teidebynight.com\/ Elegant Excursions SLU posee la marca registrada, el dominio y el sitio web (de aqu\u00ed el sitio web) https:\/\/www.elegant-excursions.com y https:\/\/www.teidebynight.com\/ Propiedad intelectual1. Este sitio web (textos, im\u00e1genes, marcas registradas, logotipos, audios y videos, botones, combinaciones de colores, as\u00ed como la estructura, selecci\u00f3n y presentaci\u00f3n del contenido) est\u00e1 protegido por la legislaci\u00f3n espa\u00f1ola y la legislaci\u00f3n internacional sobre la propiedad intelectual. Adem\u00e1s, el contenido de este sitio web se considera un software que cumple con la normativa espa\u00f1ola y europea a este respecto. La reproducci\u00f3n total o parcial de este sitio web sin el permiso de Elegant Excursions S.L.U. est\u00e1 expresamente prohibida. Elegant Excursions S.L.U. no es, ni se hace responsable de los contenidos o declaraciones publicadas en otras p\u00e1ginas, que pueden ser contrarios a [&hellip;]","og_url":"https:\/\/elegant-excursions.com\/nl\/aviso-legal\/","og_site_name":"Elegant Excursions","article_modified_time":"2024-11-12T12:29:22+00:00","twitter_card":"summary_large_image","twitter_misc":{"Geschatte leestijd":"6 minuten"},"schema":{"@context":"https:\/\/schema.org","@graph":[{"@type":"WebPage","@id":"https:\/\/elegant-excursions.com\/aviso-legal\/","url":"https:\/\/elegant-excursions.com\/aviso-legal\/","name":"Aviso Legal - Elegant Excursions","isPartOf":{"@id":"https:\/\/elegant-excursions.com\/#website"},"datePublished":"2024-11-05T15:53:46+00:00","dateModified":"2024-11-12T12:29:22+00:00","breadcrumb":{"@id":"https:\/\/elegant-excursions.com\/aviso-legal\/#breadcrumb"},"inLanguage":"nl-NL","potentialAction":[{"@type":"ReadAction","target":["https:\/\/elegant-excursions.com\/aviso-legal\/"]}]},{"@type":"BreadcrumbList","@id":"https:\/\/elegant-excursions.com\/aviso-legal\/#breadcrumb","itemListElement":[{"@type":"ListItem","position":1,"name":"Portada","item":"https:\/\/elegant-excursions.com\/"},{"@type":"ListItem","position":2,"name":"Aviso Legal"}]},{"@type":"WebSite","@id":"https:\/\/elegant-excursions.com\/#website","url":"https:\/\/elegant-excursions.com\/","name":"Elegant Excursions","description":"","potentialAction":[{"@type":"SearchAction","target":{"@type":"EntryPoint","urlTemplate":"https:\/\/elegant-excursions.com\/?s={search_term_string}"},"query-input":{"@type":"PropertyValueSpecification","valueRequired":true,"valueName":"search_term_string"}}],"inLanguage":"nl-NL"}]}},"_links":{"self":[{"href":"https:\/\/elegant-excursions.com\/nl\/wp-json\/wp\/v2\/pages\/186","targetHints":{"allow":["GET"]}}],"collection":[{"href":"https:\/\/elegant-excursions.com\/nl\/wp-json\/wp\/v2\/pages"}],"about":[{"href":"https:\/\/elegant-excursions.com\/nl\/wp-json\/wp\/v2\/types\/page"}],"author":[{"embeddable":true,"href":"https:\/\/elegant-excursions.com\/nl\/wp-json\/wp\/v2\/users\/1"}],"replies":[{"embeddable":true,"href":"https:\/\/elegant-excursions.com\/nl\/wp-json\/wp\/v2\/comments?post=186"}],"version-history":[{"count":11,"href":"https:\/\/elegant-excursions.com\/nl\/wp-json\/wp\/v2\/pages\/186\/revisions"}],"predecessor-version":[{"id":235,"href":"https:\/\/elegant-excursions.com\/nl\/wp-json\/wp\/v2\/pages\/186\/revisions\/235"}],"wp:attachment":[{"href":"https:\/\/elegant-excursions.com\/nl\/wp-json\/wp\/v2\/media?parent=186"}],"curies":[{"name":"wp","href":"https:\/\/api.w.org\/{rel}","templated":true}]}}