{"id":186,"date":"2024-11-05T15:53:46","date_gmt":"2024-11-05T15:53:46","guid":{"rendered":"https:\/\/elegant-excursions.com\/?page_id=186"},"modified":"2024-11-12T12:29:22","modified_gmt":"2024-11-12T12:29:22","slug":"aviso-legal","status":"publish","type":"page","link":"https:\/\/elegant-excursions.com\/fr\/aviso-legal\/","title":{"rendered":"Avis juridique"},"content":{"rendered":"<p>[et_pb_section fb_built=\"1\u2033 _builder_version=\"4.27.2\u2033 _module_preset=\"default\" custom_padding=\"41px|||||\" global_colors_info=\"{}\"][et_pb_row _builder_version=\"4.27.2\u2033 _module_preset=\"default\" global_colors_info=\"{}\"][et_pb_column type=\"4_4\u2033 _builder_version=\"4.27.2\u2033 _module_preset=\"default\" global_colors_info=\"{}\"][et_pb_text _builder_version=\"4.27.2\u2033 _module_preset=\"default\" header_text_align=\"left\" global_colors_info=\"{}\"]<\/p>\n<h1>Avis juridique<\/h1>\n<p>[\/et_pb_text][et_pb_text _builder_version=\"4.27.2\u2033 _module_preset=\"default\" global_colors_info=\"{}\"]<\/p>\n<p><b>AVIS JURIDIQUE<\/b><\/p>\n<p><b>Elegant Excursions S.L.U. <\/b><span style=\"font-weight: 400;\"><br \/><\/span><span style=\"font-weight: 400;\">Crta Sabinita alta - Cruz del Guanche 121 - 38649 Arona - Santa cruz de Tenerife - Espagne<\/span><span style=\"font-weight: 400;\"><br \/><\/span><span style=\"font-weight: 400;\">INTERMEDIARIO TUR\u00cdSTICO I-0002280.3<\/span><span style=\"font-weight: 400;\"><br \/><\/span><span style=\"font-weight: 400;\"><br \/><\/span><b>Teide by Night<\/b> <span style=\"font-weight: 400;\"><br \/><\/span><span style=\"font-weight: 400;\">INTERMEDIARIO TUR\u00cdSTICO I-0002280.4<\/span><span style=\"font-weight: 400;\"><br \/><\/span><span style=\"font-weight: 400;\">TURISMO ACTIVO <\/span><span style=\"font-weight: 400;\"><br \/><\/span><span style=\"font-weight: 400;\">TA-40000895.36<\/span><span style=\"font-weight: 400;\"><br \/><\/span><span style=\"font-weight: 400;\">TA-4-0000006<\/span><\/p>\n<p><span style=\"font-weight: 400;\">Les formulaires de plainte sont disponibles \u00e0 l'adresse suivante bureau de of Elegant Excursions\/Teide by Night \u00e0 Caretera General TF-66 Cruz del Guanche, Valle San Lorenzo, Tenerife.<\/span><span style=\"font-weight: 400;\"><br \/><\/span><span style=\"font-weight: 400;\">De 10 heures \u00e0 16 heures du lundi au vendredi.<\/span><\/p>\n<p class=\"translation-block\"><span style=\"font-weight : 400\">Termes et conditions d'utilisation du site web<\/span><span style=\"font-weight : 400\"><br><\/span><span style=\"font-weight : 400\">https:\/\/<\/span><a href=\"https:\/\/elegant-excursions.com\/fr\/\" target=\"_self\"><span style=\"font-weight : 400\">www.elegant-excursions.com<\/span><span style=\"font-weight : 400\"><br><\/span><\/a><span style=\"font-weight : 400\">https:\/\/www.teidebynight.com\/<\/span><\/a><span style=\"font-weight : 400\"><br><\/span>.<\/p>\n<p><span style=\"font-weight: 400;\">Elegant Excursions SLU est propri\u00e9taire de la marque, du domaine et du site web <a href=\"https:\/\/elegant-excursions.com\/fr\/\">https:\/\/<\/a><\/span><a href=\"https:\/\/elegant-excursions.com\/fr\/\"><span style=\"font-weight: 400;\">www.elegant-excursions.com<\/span><\/a><span style=\"font-weight: 400;\"> et <a href=\"https:\/\/www.teidebynight.com\/\">https:\/\/www.teidebynight.com\/<\/a><\/span><\/p>\n<p><b>Propri\u00e9t\u00e9 intellectuelle<\/b><b><br \/><\/b><span style=\"font-weight: 400;\">1. Ce site web (textes, images, marques, logos, audios et vid\u00e9os, boutons, combinaisons de couleurs, ainsi que la structure, la s\u00e9lection et la pr\u00e9sentation du contenu) est prot\u00e9g\u00e9 par la l\u00e9gislation espagnole et internationale sur la propri\u00e9t\u00e9 intellectuelle. En outre, le contenu de ce site Web est consid\u00e9r\u00e9 comme un logiciel conforme \u00e0 la r\u00e9glementation espagnole et europ\u00e9enne en la mati\u00e8re. La reproduction de tout ou partie de ce site Web sans l'autorisation d'Elegant Excursions S.L.U. est express\u00e9ment interdite.<\/span><\/p>\n<ol start=\"2\">\n<li><span style=\"font-weight: 400;\"> Elegant Excursions S.L.U. n'est pas responsable du contenu ou des d\u00e9clarations publi\u00e9es sur d'autres sites Web, qui peuvent \u00eatre contraires \u00e0 notre opinion ou \u00e0 nos principes. N\u00e9anmoins, Elegant Excursions respecte les droits de propri\u00e9t\u00e9 intellectuelle de tout auteur, ainsi que leur libert\u00e9 d'expression.<\/span><\/li>\n<\/ol>\n<p><b>Acc\u00e8s des utilisateurs au site<\/b><b><br \/><\/b><span style=\"font-weight: 400;\">Le site web est accessible \u00e0 tous les utilisateurs <a href=\"https:\/\/elegant-excursions.com\/fr\/\"><\/a><a href=\"https:\/\/elegant-excursions.com\/fr\/\">https:\/\/www.elegant-excursions.com<\/a><\/span><span style=\"font-weight: 400;\">\u00a0et <a href=\"https:\/\/www.teidebynight.com\/\">https:\/\/www.teidebynight.com\/<\/a> gratuitement.<\/span><\/p>\n<p>&nbsp;<\/p>\n<p><b>CONDITIONS G\u00c9N\u00c9RALES<\/b><\/p>\n<p><b>Vie priv\u00e9e et s\u00e9curit\u00e9<\/b><b><br \/><\/b><span style=\"font-weight: 400;\">Nous comprenons que la communication de vos informations personnelles n\u00e9cessite de la confiance. Notre priorit\u00e9 est de maintenir cette confiance en traitant vos informations avec la plus grande s\u00e9curit\u00e9 et confidentialit\u00e9 chaque fois que vous visitez notre site web ou que vous utilisez nos services. Nous avons besoin d'informations de base pour effectuer votre r\u00e9servation, notamment votre nom, votre num\u00e9ro de t\u00e9l\u00e9phone et votre adresse \u00e9lectronique.<\/span><\/p>\n<p><b>Conditions d'utilisation<\/b><b><br \/><\/b><span style=\"font-weight: 400;\">Veuillez lire attentivement ces conditions avant d'effectuer une r\u00e9servation en ligne aupr\u00e8s de <\/span><i><span style=\"font-weight: 400;\">Elegant Excursions<\/span><\/i><span style=\"font-weight: 400;\">. Si le fran\u00e7ais n'est pas votre langue maternelle, il est de votre responsabilit\u00e9 de vous assurer que vous comprenez clairement ces conditions avant de confirmer votre acceptation en cochant la case appropri\u00e9e.<\/span><\/p>\n<p><b>Conditions de r\u00e9servation<\/b><b><br \/><\/b><span style=\"font-weight: 400;\">Lors de la r\u00e9servation d'une excursion en <a href=\"https:\/\/www.teidebynight.com\/\">https:\/\/www.teidebynight.com<\/a>\u00a0o <a href=\"https:\/\/elegant-excursions.com\/fr\/\">https:\/\/<\/a><\/span><a href=\"https:\/\/elegant-excursions.com\/fr\/\"><span style=\"font-weight: 400;\">www.elegant-excursions.com<\/span><\/a><span style=\"font-weight: 400;\">, vous acceptez les pr\u00e9sentes conditions de service :<\/span><\/p>\n<ul>\n<li style=\"font-weight: 400;\" aria-level=\"1\"><span style=\"font-weight: 400;\">Tous les prix sont en euros.<\/span><\/li>\n<li style=\"font-weight: 400;\" aria-level=\"1\"><span style=\"font-weight: 400;\">Les r\u00e9servations doivent \u00eatre pay\u00e9es au moins 24 heures avant l'heure de d\u00e9part, sinon elles seront automatiquement annul\u00e9es.<\/span><\/li>\n<\/ul>\n<p><b>Billets num\u00e9riques<\/b><b><br \/><\/b><span style=\"font-weight: 400;\">Apr\u00e8s avoir effectu\u00e9 votre r\u00e9servation, vous recevrez vos billets num\u00e9riques par e-mail, qui devront \u00eatre pr\u00e9sent\u00e9s le jour de l'excursion (format num\u00e9rique).<\/span><\/p>\n<p><b>Conditions d'annulation<\/b><b><br \/><\/b><span style=\"font-weight: 400;\">Nous offrons un remboursement complet pour les r\u00e9servations annul\u00e9es plus de 24 heures avant l'heure de prise en charge. Aucun remboursement ne sera accord\u00e9 pour les annulations effectu\u00e9es dans les 24 heures pr\u00e9c\u00e9dant l'heure de prise en charge.<\/span><b><br \/><\/b><i><span style=\"font-weight: 400;\">Elegant Excursions<\/span><\/i><span style=\"font-weight: 400;\"> peut annuler l'activit\u00e9 en cas de conditions m\u00e9t\u00e9orologiques d\u00e9favorables, d'actions gouvernementales ou de circonstances ext\u00e9rieures impr\u00e9visibles qui rendent impossible ou difficile la r\u00e9alisation de l'activit\u00e9, sans compensation pour les dommages ou les r\u00e9clamations.<\/span><\/p>\n<p><em>Elegant Excursions<\/em> se r\u00e9serve le droit de refuser l'admission ou d'exclure un participant d'une activit\u00e9 s'il ne remplit pas les conditions d'admissibilit\u00e9 ou si sa participation pr\u00e9sente un risque pour lui-m\u00eame ou pour autrui, ou interf\u00e8re avec le bon d\u00e9roulement de l'activit\u00e9.<\/p>\n<p>&nbsp;<\/p>\n<p><b>POLITIQUE DE CONFIDENTIALIT\u00c9<\/b><b><br \/><\/b><span style=\"font-weight: 400;\">Conform\u00e9ment au R\u00e8glement g\u00e9n\u00e9ral sur la protection des donn\u00e9es (UE) 2016\/679 du Parlement europ\u00e9en et du Conseil du 27 avril 2016, nous vous informons que les donn\u00e9es personnelles fournies seront trait\u00e9es par ELEGANT EXCURSIONS S.L.U. avec le num\u00e9ro CIF B76560895, domicili\u00e9 \u00e0 EL GUANCHE (SANTA CRUZ DE TENERIFE), C. P. 38639, CRTA SABINITA ALTA. La base juridique du traitement de vos donn\u00e9es personnelles est l'ex\u00e9cution du service contract\u00e9. L'offre future de produits et de services sera bas\u00e9e sur le consentement demand\u00e9.<\/span><\/p>\n<p><span style=\"font-weight: 400;\">Les donn\u00e9es fournies seront conserv\u00e9es pendant la dur\u00e9e de la relation d'affaires ou pendant les ann\u00e9es n\u00e9cessaires au respect des obligations l\u00e9gales. Les donn\u00e9es ne seront pas transf\u00e9r\u00e9es \u00e0 des tiers, sauf en cas d'obligation l\u00e9gale. <\/span><span style=\"font-weight: 400;\"><br \/><\/span><span style=\"font-weight: 400;\">Nous demandons \u00e9galement l'autorisation de vous fournir des produits et services li\u00e9s \u00e0 ceux command\u00e9s, ex\u00e9cut\u00e9s et\/ou commercialis\u00e9s par notre soci\u00e9t\u00e9, ce qui nous permet de vous conserver en tant que client.<\/span><\/p>\n<p>&nbsp;<\/p>\n<p><b>POLITIQUE EN MATI\u00c8RE DE COOKIES<\/b><\/p>\n<p><span style=\"font-weight: 400;\">Elegant Excursions peut utiliser des cookies et des technologies similaires (ci-apr\u00e8s \"cookies\") pour stocker et r\u00e9cup\u00e9rer des informations sur les appareils des utilisateurs de ses sites web.<\/span><\/p>\n<p><span style=\"font-weight: 400;\">Vous d\u00e9clarez accepter l'utilisation de cookies et notre politique de confidentialit\u00e9 si vous naviguez sur le site ou si vous continuez \u00e0 l'utiliser. L'utilisation de cookies est volontaire. Toutefois, si vous bloquez l'installation de cookies, il se peut que vous rencontriez des probl\u00e8mes lors de l'utilisation de certaines fonctionnalit\u00e9s du site web.<\/span><\/p>\n<p><b>Quels types de cookies ce site utilise-t-il ?<\/b><b><br \/><\/b><span style=\"font-weight: 400;\">Cookies techniques : pour la navigation et le bon fonctionnement du site web. Ils sont n\u00e9cessaires pour entrer dans des zones restreintes, compl\u00e9ter le processus d'achat ou partager des contenus sur les r\u00e9seaux sociaux.<\/span><b><br \/><\/b><span style=\"font-weight: 400;\">Cookies de personnalisation : ils vous permettent de configurer une s\u00e9rie d'aspects tels que la langue, la devise, la configuration r\u00e9gionale, etc.<\/span><b><br \/><\/b><span style=\"font-weight: 400;\">Cookies d'analyse : ils permettent une analyse statistique de l'utilisation du site web.<\/span><b><br \/><\/b><span style=\"font-weight: 400;\">Cookies publicitaires : permettent de g\u00e9rer efficacement les espaces publicitaires.<\/span><b><br \/><\/b><span style=\"font-weight: 400;\">Cookies de publicit\u00e9 comportementale : ils enregistrent les habitudes de navigation et permettent d'afficher un contenu personnalis\u00e9.<\/span><b><br \/><\/b><span style=\"font-weight: 400;\">Ce site web utilise la technologie reCaptcha pour emp\u00eacher l'envoi et la r\u00e9ception de courriers \u00e9lectroniques non sollicit\u00e9s g\u00e9n\u00e9r\u00e9s automatiquement. Ce service r\u00e9cup\u00e8re des informations sur le mat\u00e9riel et les logiciels de l'utilisateur afin d'effectuer une s\u00e9rie de v\u00e9rifications visant \u00e0 d\u00e9terminer si le visiteur est une personne ou un robot. Lire les r\u00e8gles de confidentialit\u00e9 de Google.<\/span><\/p>\n<p><span style=\"font-weight: 400;\">En outre, vous devez \u00eatre conscient que des cookies tiers envoy\u00e9s \u00e0 votre appareil par d'autres partenaires, tels que des r\u00e9seaux sociaux ou des contenus externes int\u00e9gr\u00e9s tels que des vid\u00e9os, comme Facebook, Twitter, Pinterest, Google+, GAnalytics, Vimeo, etc.<\/span><\/p>\n<p><b>Gestion des cookies<\/b><b><br \/><\/b><span style=\"font-weight: 400;\">Vous pouvez autoriser, bloquer ou supprimer les cookies install\u00e9s sur votre appareil en configurant les options de votre navigateur : Firefox, Chrome, Internet Explorer, Safari, Opera. Si vous utilisez un navigateur autre que ceux mentionn\u00e9s ci-dessus, veuillez vous r\u00e9f\u00e9rer \u00e0 son contenu d'assistance ou \u00e0 ses param\u00e8tres de configuration.<\/span><\/p>\n<p><span style=\"font-weight: 400;\">Pour d\u00e9sactiver les publicit\u00e9s bas\u00e9es sur les cookies de remarketing, vous pouvez utiliser les liens suivants : Facebook, Twitter (d\u00e9cochez la case \"Contenu promu\" dans les param\u00e8tres de confidentialit\u00e9) et AdWords. Si vous ne souhaitez pas que le code JavaScript de Google Analytics recueille des donn\u00e9es sur votre visite, vous pouvez \u00e9galement installer le module compl\u00e9mentaire de d\u00e9sactivation dans votre navigateur. Ce module compl\u00e9mentaire n'emp\u00eache pas l'envoi d'informations au site web lui-m\u00eame ou, par d'autres moyens, \u00e0 d'autres services d'analyse du web.<\/span><\/p>\n<p>&nbsp;<\/p>\n<p>[\/et_pb_text][\/et_pb_column][\/et_pb_row][\/et_pb_section].<\/p>","protected":false},"excerpt":{"rendered":"<p>Avis juridique AVIS JURIDIQUE Elegant Excursions S.L.U. Crta Sabinita alta - Cruz del Guanche 121 - 38649 Arona - Santa cruz de Tenerife - Espa\u00f1aINTERMEDIARIO TUR\u00cdSTICO I-0002280.3Teide by Night INTERMEDIARIO TUR\u00cdSTICO I-0002280.4TURISMO ACTIVO TA-40000895.36TA-4-0000006 Formulaires de plainte disponibles aupr\u00e8s de : Office of Elegant Excursions\/Teide by Night, Caretera General TF-66 Cruz del Guanche, valle san Lorenzo, Tenerife, de 10 heures \u00e0 16 heures, du lundi au vendredi. Conditions d'utilisation du site web https:\/\/www.elegant-excursions.comhttps:\/\/www.teidebynight.com\/ Elegant Excursions SLU est propri\u00e9taire de la marque, du domaine et du site web (ci-apr\u00e8s le site web) https:\/\/www.elegant-excursions.com et https:\/\/www.teidebynight.com\/ Propri\u00e9t\u00e9 intellectuelle1. Ce site web (textes, images, marques, logos, clips audio et vid\u00e9o, boutons, combinaisons de couleurs, ainsi que la structure, la s\u00e9lection et la pr\u00e9sentation du contenu) est prot\u00e9g\u00e9 par la l\u00e9gislation espagnole et internationale sur la propri\u00e9t\u00e9 intellectuelle. En outre, le contenu de ce site web est consid\u00e9r\u00e9 comme un logiciel conforme \u00e0 la r\u00e9glementation espagnole et europ\u00e9enne en la mati\u00e8re. La reproduction de tout ou partie de ce site sans l'autorisation d'Elegant Excursions S.L.U. est express\u00e9ment interdite. Elegant Excursions S.L.U. n'est pas responsable des contenus ou des d\u00e9clarations publi\u00e9s sur d'autres pages, qui peuvent \u00eatre contraires \u00e0 la loi.<\/p>","protected":false},"author":1,"featured_media":0,"parent":0,"menu_order":0,"comment_status":"closed","ping_status":"closed","template":"","meta":{"_et_pb_use_builder":"on","_et_pb_old_content":"","_et_gb_content_width":"","footnotes":""},"class_list":["post-186","page","type-page","status-publish","hentry"],"yoast_head":"<!-- This site is optimized with the Yoast SEO plugin v26.0 - https:\/\/yoast.com\/wordpress\/plugins\/seo\/ -->\n<title>Aviso Legal - Elegant Excursions<\/title>\n<meta name=\"robots\" content=\"index, follow, max-snippet:-1, max-image-preview:large, max-video-preview:-1\" \/>\n<link rel=\"canonical\" href=\"https:\/\/elegant-excursions.com\/fr\/aviso-legal\/\" \/>\n<meta property=\"og:locale\" content=\"fr_FR\" \/>\n<meta property=\"og:type\" content=\"article\" \/>\n<meta property=\"og:title\" content=\"Aviso Legal - Elegant Excursions\" \/>\n<meta property=\"og:description\" content=\"Aviso LegalAVISO LEGAL Elegant Excursions S.L.U. Crta Sabinita alta \u2013 Cruz del Guanche 121 \u2013 38649 Arona \u2013 Santa cruz de Tenerife - Espa\u00f1aINTERMEDIARIO TUR\u00cdSTICO I-0002280.3Teide by Night INTERMEDIARIO TUR\u00cdSTICO I-0002280.4TURISMO ACTIVO TA-40000895.36TA-4-0000006 Hojas de reclamaciones disponibles en: Oficina de Elegant Excursions\/Teide by Night en la Caretera General TF-66 Cruz del Guanche, valle san Lorenzo, Tenerife.En horario de 10 a 16 h. de lunes a viernes. T\u00e9rminos y condiciones de uso de sitio web https:\/\/www.elegant-excursions.comhttps:\/\/www.teidebynight.com\/ Elegant Excursions SLU posee la marca registrada, el dominio y el sitio web (de aqu\u00ed el sitio web) https:\/\/www.elegant-excursions.com y https:\/\/www.teidebynight.com\/ Propiedad intelectual1. Este sitio web (textos, im\u00e1genes, marcas registradas, logotipos, audios y videos, botones, combinaciones de colores, as\u00ed como la estructura, selecci\u00f3n y presentaci\u00f3n del contenido) est\u00e1 protegido por la legislaci\u00f3n espa\u00f1ola y la legislaci\u00f3n internacional sobre la propiedad intelectual. Adem\u00e1s, el contenido de este sitio web se considera un software que cumple con la normativa espa\u00f1ola y europea a este respecto. La reproducci\u00f3n total o parcial de este sitio web sin el permiso de Elegant Excursions S.L.U. est\u00e1 expresamente prohibida. Elegant Excursions S.L.U. no es, ni se hace responsable de los contenidos o declaraciones publicadas en otras p\u00e1ginas, que pueden ser contrarios a [&hellip;]\" \/>\n<meta property=\"og:url\" content=\"https:\/\/elegant-excursions.com\/fr\/aviso-legal\/\" \/>\n<meta property=\"og:site_name\" content=\"Elegant Excursions\" \/>\n<meta property=\"article:modified_time\" content=\"2024-11-12T12:29:22+00:00\" \/>\n<meta name=\"twitter:card\" content=\"summary_large_image\" \/>\n<meta name=\"twitter:label1\" content=\"Dur\u00e9e de lecture estim\u00e9e\" \/>\n\t<meta name=\"twitter:data1\" content=\"6 minutes\" \/>\n<script type=\"application\/ld+json\" class=\"yoast-schema-graph\">{\"@context\":\"https:\/\/schema.org\",\"@graph\":[{\"@type\":\"WebPage\",\"@id\":\"https:\/\/elegant-excursions.com\/aviso-legal\/\",\"url\":\"https:\/\/elegant-excursions.com\/aviso-legal\/\",\"name\":\"Aviso Legal - Elegant Excursions\",\"isPartOf\":{\"@id\":\"https:\/\/elegant-excursions.com\/#website\"},\"datePublished\":\"2024-11-05T15:53:46+00:00\",\"dateModified\":\"2024-11-12T12:29:22+00:00\",\"breadcrumb\":{\"@id\":\"https:\/\/elegant-excursions.com\/aviso-legal\/#breadcrumb\"},\"inLanguage\":\"fr-FR\",\"potentialAction\":[{\"@type\":\"ReadAction\",\"target\":[\"https:\/\/elegant-excursions.com\/aviso-legal\/\"]}]},{\"@type\":\"BreadcrumbList\",\"@id\":\"https:\/\/elegant-excursions.com\/aviso-legal\/#breadcrumb\",\"itemListElement\":[{\"@type\":\"ListItem\",\"position\":1,\"name\":\"Portada\",\"item\":\"https:\/\/elegant-excursions.com\/\"},{\"@type\":\"ListItem\",\"position\":2,\"name\":\"Aviso Legal\"}]},{\"@type\":\"WebSite\",\"@id\":\"https:\/\/elegant-excursions.com\/#website\",\"url\":\"https:\/\/elegant-excursions.com\/\",\"name\":\"Elegant Excursions\",\"description\":\"\",\"potentialAction\":[{\"@type\":\"SearchAction\",\"target\":{\"@type\":\"EntryPoint\",\"urlTemplate\":\"https:\/\/elegant-excursions.com\/?s={search_term_string}\"},\"query-input\":{\"@type\":\"PropertyValueSpecification\",\"valueRequired\":true,\"valueName\":\"search_term_string\"}}],\"inLanguage\":\"fr-FR\"}]}<\/script>\n<!-- \/ Yoast SEO plugin. -->","yoast_head_json":{"title":"Aviso Legal - Elegant Excursions","robots":{"index":"index","follow":"follow","max-snippet":"max-snippet:-1","max-image-preview":"max-image-preview:large","max-video-preview":"max-video-preview:-1"},"canonical":"https:\/\/elegant-excursions.com\/fr\/aviso-legal\/","og_locale":"fr_FR","og_type":"article","og_title":"Aviso Legal - Elegant Excursions","og_description":"Aviso LegalAVISO LEGAL Elegant Excursions S.L.U. Crta Sabinita alta \u2013 Cruz del Guanche 121 \u2013 38649 Arona \u2013 Santa cruz de Tenerife - Espa\u00f1aINTERMEDIARIO TUR\u00cdSTICO I-0002280.3Teide by Night INTERMEDIARIO TUR\u00cdSTICO I-0002280.4TURISMO ACTIVO TA-40000895.36TA-4-0000006 Hojas de reclamaciones disponibles en: Oficina de Elegant Excursions\/Teide by Night en la Caretera General TF-66 Cruz del Guanche, valle san Lorenzo, Tenerife.En horario de 10 a 16 h. de lunes a viernes. T\u00e9rminos y condiciones de uso de sitio web https:\/\/www.elegant-excursions.comhttps:\/\/www.teidebynight.com\/ Elegant Excursions SLU posee la marca registrada, el dominio y el sitio web (de aqu\u00ed el sitio web) https:\/\/www.elegant-excursions.com y https:\/\/www.teidebynight.com\/ Propiedad intelectual1. Este sitio web (textos, im\u00e1genes, marcas registradas, logotipos, audios y videos, botones, combinaciones de colores, as\u00ed como la estructura, selecci\u00f3n y presentaci\u00f3n del contenido) est\u00e1 protegido por la legislaci\u00f3n espa\u00f1ola y la legislaci\u00f3n internacional sobre la propiedad intelectual. Adem\u00e1s, el contenido de este sitio web se considera un software que cumple con la normativa espa\u00f1ola y europea a este respecto. La reproducci\u00f3n total o parcial de este sitio web sin el permiso de Elegant Excursions S.L.U. est\u00e1 expresamente prohibida. Elegant Excursions S.L.U. no es, ni se hace responsable de los contenidos o declaraciones publicadas en otras p\u00e1ginas, que pueden ser contrarios a [&hellip;]","og_url":"https:\/\/elegant-excursions.com\/fr\/aviso-legal\/","og_site_name":"Elegant Excursions","article_modified_time":"2024-11-12T12:29:22+00:00","twitter_card":"summary_large_image","twitter_misc":{"Dur\u00e9e de lecture estim\u00e9e":"6 minutes"},"schema":{"@context":"https:\/\/schema.org","@graph":[{"@type":"WebPage","@id":"https:\/\/elegant-excursions.com\/aviso-legal\/","url":"https:\/\/elegant-excursions.com\/aviso-legal\/","name":"Aviso Legal - Elegant Excursions","isPartOf":{"@id":"https:\/\/elegant-excursions.com\/#website"},"datePublished":"2024-11-05T15:53:46+00:00","dateModified":"2024-11-12T12:29:22+00:00","breadcrumb":{"@id":"https:\/\/elegant-excursions.com\/aviso-legal\/#breadcrumb"},"inLanguage":"fr-FR","potentialAction":[{"@type":"ReadAction","target":["https:\/\/elegant-excursions.com\/aviso-legal\/"]}]},{"@type":"BreadcrumbList","@id":"https:\/\/elegant-excursions.com\/aviso-legal\/#breadcrumb","itemListElement":[{"@type":"ListItem","position":1,"name":"Portada","item":"https:\/\/elegant-excursions.com\/"},{"@type":"ListItem","position":2,"name":"Aviso Legal"}]},{"@type":"WebSite","@id":"https:\/\/elegant-excursions.com\/#website","url":"https:\/\/elegant-excursions.com\/","name":"Elegant Excursions","description":"","potentialAction":[{"@type":"SearchAction","target":{"@type":"EntryPoint","urlTemplate":"https:\/\/elegant-excursions.com\/?s={search_term_string}"},"query-input":{"@type":"PropertyValueSpecification","valueRequired":true,"valueName":"search_term_string"}}],"inLanguage":"fr-FR"}]}},"_links":{"self":[{"href":"https:\/\/elegant-excursions.com\/fr\/wp-json\/wp\/v2\/pages\/186","targetHints":{"allow":["GET"]}}],"collection":[{"href":"https:\/\/elegant-excursions.com\/fr\/wp-json\/wp\/v2\/pages"}],"about":[{"href":"https:\/\/elegant-excursions.com\/fr\/wp-json\/wp\/v2\/types\/page"}],"author":[{"embeddable":true,"href":"https:\/\/elegant-excursions.com\/fr\/wp-json\/wp\/v2\/users\/1"}],"replies":[{"embeddable":true,"href":"https:\/\/elegant-excursions.com\/fr\/wp-json\/wp\/v2\/comments?post=186"}],"version-history":[{"count":11,"href":"https:\/\/elegant-excursions.com\/fr\/wp-json\/wp\/v2\/pages\/186\/revisions"}],"predecessor-version":[{"id":235,"href":"https:\/\/elegant-excursions.com\/fr\/wp-json\/wp\/v2\/pages\/186\/revisions\/235"}],"wp:attachment":[{"href":"https:\/\/elegant-excursions.com\/fr\/wp-json\/wp\/v2\/media?parent=186"}],"curies":[{"name":"wp","href":"https:\/\/api.w.org\/{rel}","templated":true}]}}