{"id":186,"date":"2024-11-05T15:53:46","date_gmt":"2024-11-05T15:53:46","guid":{"rendered":"https:\/\/elegant-excursions.com\/?page_id=186"},"modified":"2024-11-12T12:29:22","modified_gmt":"2024-11-12T12:29:22","slug":"aviso-legal","status":"publish","type":"page","link":"https:\/\/elegant-excursions.com\/en\/aviso-legal\/","title":{"rendered":"Legal Notice"},"content":{"rendered":"<p>[et_pb_section fb_built=\"1\u2033 _builder_version=\"4.27.2\u2033 _module_preset=\"default\" custom_padding=\"41px|||||\" global_colors_info=\"{}\"][et_pb_row _builder_version=\"4.27.2\u2033 _module_preset=\"default\" global_colors_info=\"{}\"][et_pb_column type=\"4_4\u2033 _builder_version=\"4.27.2\u2033 _module_preset=\"default\" global_colors_info=\"{}\"][et_pb_text _builder_version=\"4.27.2\u2033 _module_preset=\"default\" header_text_align=\"left\" global_colors_info=\"{}\"]<\/p>\n<h1>Legal Notice<\/h1>\n<p>[\/et_pb_text][et_pb_text _builder_version=\"4.27.2\u2033 _module_preset=\"default\" global_colors_info=\"{}\"]<\/p>\n<p><b>LEGAL NOTICE<\/b><\/p>\n<p><b>Elegant Excursions S.L.U. <\/b><span style=\"font-weight: 400;\"><br \/><\/span><span style=\"font-weight: 400;\">Crta Sabinita alta - Cruz del Guanche 121 - 38649 Arona - Santa cruz de Tenerife - Spain<\/span><span style=\"font-weight: 400;\"><br \/><\/span><span style=\"font-weight: 400;\">TOURIST INTERMEDIARY I-0002280.3<\/span><span style=\"font-weight: 400;\"><br \/><\/span><span style=\"font-weight: 400;\"><br \/><\/span><b>Teide by Night<\/b> <span style=\"font-weight: 400;\"><br \/><\/span><span style=\"font-weight: 400;\">INTERMEDIARIO TUR\u00cdSTICO I-0002280.4<\/span><span style=\"font-weight: 400;\"><br \/><\/span><span style=\"font-weight: 400;\">TURISMO ACTIVO <\/span><span style=\"font-weight: 400;\"><br \/><\/span><span style=\"font-weight: 400;\">TA-40000895.36<\/span><span style=\"font-weight: 400;\"><br \/><\/span><span style=\"font-weight: 400;\">TA-4-0000006<\/span><\/p>\n<p><span style=\"font-weight: 400;\">Complaint forms available at: Office of Elegant Excursions\/Teide by Night at Caretera General TF-66 Cruz del Guanche, Valle San Lorenzo, Tenerife.<\/span><span style=\"font-weight: 400;\"><br \/><\/span><span style=\"font-weight: 400;\">From 10 a.m. to 4 p.m. from Monday to Friday.<\/span><\/p>\n<p class=\"translation-block\"><span style=\"font-weight: 400\">Terms and Conditions of Website use<\/span><span style=\"font-weight: 400\"><br><\/span><span style=\"font-weight: 400\"><\/span><a href=\"https:\/\/elegant-excursions.com\/en\/\" target=\"_self\"><span style=\"font-weight: 400\">https:\/\/elegant-excursions.com\/<\/span><span style=\"font-weight: 400\"><br><\/span><\/a><span style=\"font-weight: 400\">https:\/\/www.teidebynight.com\/<\/span><\/a><span style=\"font-weight: 400\"><br><\/span><\/p>\n<p><span style=\"font-weight: 400;\">Elegant Excursions SLU owns the trademark, the domain and the website (hence the website). <a href=\"https:\/\/elegant-excursions.com\/en\/\">https:\/\/<\/a><\/span><a href=\"https:\/\/elegant-excursions.com\/en\/\"><span style=\"font-weight: 400;\">www.elegant-excursions.com<\/span><\/a><span style=\"font-weight: 400;\"> and <a href=\"https:\/\/www.teidebynight.com\/\">https:\/\/www.teidebynight.com\/<\/a><\/span><\/p>\n<p><b>Intellectual property<\/b><b><br \/><\/b><span style=\"font-weight: 400;\">1. This website (texts, images, trademarks, logos, audios and videos, buttons, colour combinations, as well as the structure, selection and presentation of the content) is protected by Spanish and international legislation on intellectual property. Furthermore, the content of this website is considered software that complies with Spanish and European regulations in this respect. Reproduction of all or part of this website without the permission of Elegant Excursions S.L.U. is expressly prohibited.<\/span><\/p>\n<ol start=\"2\">\n<li><span style=\"font-weight: 400;\"> Elegant Excursions S.L.U. is not responsible for the contents or statements published on other sites, which may be contrary to our opinion or principles. Nevertheless, Elegant Excursions respects the intellectual property rights of any author, as well as their freedom of expression.<\/span><\/li>\n<\/ol>\n<p><b>User access to the site<\/b><b><br \/><\/b><span style=\"font-weight: 400;\">The website is accessible to all users <a href=\"https:\/\/elegant-excursions.com\/en\/\"><\/a><a href=\"https:\/\/elegant-excursions.com\/en\/\">https:\/\/www.elegant-excursions.com<\/a><\/span><span style=\"font-weight: 400;\">\u00a0and <a href=\"https:\/\/www.teidebynight.com\/\">https:\/\/www.teidebynight.com\/<\/a> free of charge.<\/span><\/p>\n<p>&nbsp;<\/p>\n<p><b>TERMS AND CONDITIONS<\/b><\/p>\n<p><b>Privacy and Security<\/b><b><br \/><\/b><span style=\"font-weight: 400;\">We understand that providing your personal information requires trust. Our priority is to maintain that trust by treating your information with the utmost security and confidentiality every time you visit our website or use our services. We require basic information to complete your booking, including your name, telephone number, email address.<\/span><\/p>\n<p><b>Terms of Service<\/b><b><br \/><\/b><span style=\"font-weight: 400;\">Please read these terms and conditions carefully before making an online booking with <\/span><i><span style=\"font-weight: 400;\">Elegant Excursions<\/span><\/i><span style=\"font-weight: 400;\">. If English is not your native language, it is your responsibility to ensure that you clearly understand these terms before confirming your acceptance by ticking the appropriate box.<\/span><\/p>\n<p><b>Booking Conditions<\/b><b><br \/><\/b><span style=\"font-weight: 400;\">When booking any of the excursions from <a href=\"https:\/\/www.teidebynight.com\/\">https:\/\/www.teidebynight.com<\/a>\u00a0or <a href=\"https:\/\/elegant-excursions.com\/en\/\">https:\/\/<\/a><\/span><a href=\"https:\/\/elegant-excursions.com\/en\/\"><span style=\"font-weight: 400;\">www.elegant-excursions.com<\/span><\/a><span style=\"font-weight: 400;\">, you agree to these terms of service:<\/span><\/p>\n<ul>\n<li style=\"font-weight: 400;\" aria-level=\"1\"><span style=\"font-weight: 400;\">All prices are in Euro.<\/span><\/li>\n<li style=\"font-weight: 400;\" aria-level=\"1\"><span style=\"font-weight: 400;\">Reservations must be paid at least 24 hours before departure time, otherwise they will be automatically cancelled.<\/span><\/li>\n<\/ul>\n<p><b>Digital Tickets<\/b><b><br \/><\/b><span style=\"font-weight: 400;\">After completing your booking, you will receive your digital tickets by email, which must be presented on the day of the excursion (digital format).<\/span><\/p>\n<p><b>Cancellation Conditions<\/b><b><br \/><\/b><span style=\"font-weight: 400;\">We offer a full refund for bookings cancelled more than 24 hours prior to pick-up time. No refund will be given for cancellations within 24 hours prior to pick-up time.<\/span><b><br \/><\/b><i><span style=\"font-weight: 400;\">Elegant Excursions<\/span><\/i><span style=\"font-weight: 400;\"> may cancel the activity in case of adverse weather conditions, governmental actions or unforeseeable external circumstances that make it impossible or difficult to carry out the activity, without compensation for damages or claims.<\/span><\/p>\n<p><em>Elegant Excursions<\/em> reserves the right to refuse admission or exclude a participant from an activity if they do not meet the eligibility requirements or if their participation poses a risk to themselves or others, or interferes with the proper conduct of the activity.<\/p>\n<p>&nbsp;<\/p>\n<p><b>PRIVACY POLICY<\/b><b><br \/><\/b><span style=\"font-weight: 400;\">In compliance with the General Data Protection Regulation (EU) 2016\/679 of the European Parliament and of the Council on 27 April 2016, we inform you that the personal data provided will be processed by ELEGANT EXCURSIONS S.L.U. with CIF number B76560895, domiciled in EL GUANCHE (SANTA CRUZ DE TENERIFE), C. P. 38639, CRTA SABINITA ALTA. The legal basis for the processing of your personal data is the execution of the contracted service. The future offer of products and services will be based on the requested consent.<\/span><\/p>\n<p><span style=\"font-weight: 400;\">The data provided will be retained for the duration of the business relationship or for the years necessary to comply with legal obligations. The data will not be transferred to third parties, except in cases where there is a legal obligation. <\/span><span style=\"font-weight: 400;\"><br \/><\/span><span style=\"font-weight: 400;\">We also request permission to provide you with products and services related to those ordered, performed and\/or marketed by our company, which enables us to retain you as a customer.<\/span><\/p>\n<p>&nbsp;<\/p>\n<p><b>COOKIES POLICY<\/b><\/p>\n<p><span style=\"font-weight: 400;\">Elegant Excursions may use cookies and similar technologies (hereinafter \"Cookies\") to store and retrieve information from the devices of users of its websites.<\/span><\/p>\n<p><span style=\"font-weight: 400;\">You declare that you accept the use of cookies and our Privacy Policy if you browse the site or continue to use the website. The use of cookies is voluntary, however, if you block the installation of cookies, you may experience problems using some features of the website.<\/span><\/p>\n<p><b>What kind of cookies does this site use?<\/b><b><br \/><\/b><span style=\"font-weight: 400;\">Technical cookies: for browsing and the proper functioning of the website. They are necessary to enter restricted areas, complete the purchase process or share content on social networks.<\/span><b><br \/><\/b><span style=\"font-weight: 400;\">Personalisation cookies: allow you to configure a series of aspects such as language, currency, regional configuration, etc.<\/span><b><br \/><\/b><span style=\"font-weight: 400;\">Analysis cookies: these enable statistical analysis of the use of the website.<\/span><b><br \/><\/b><span style=\"font-weight: 400;\">Advertising cookies: allow the effective management of advertising spaces.<\/span><b><br \/><\/b><span style=\"font-weight: 400;\">Behavioural advertising cookies: they record browsing habits and allow the display of personalised content.<\/span><b><br \/><\/b><span style=\"font-weight: 400;\">This website uses reCaptcha technology to prevent the sending and receiving of automatically generated spam emails. This service retrieves information about the user's hardware and software to perform a series of checks to determine whether the visitor is a person or a robot. Read Google's Privacy Policy.<\/span><\/p>\n<p><span style=\"font-weight: 400;\">In addition, you should be aware that third party cookies sent to your device by other partners, such as social networks or external embedded content such as videos, such as Facebook, Twitter, Pinterest, Google+, GAnalytics, Vimeo, etc., will be installed.<\/span><\/p>\n<p><b>Cookie management<\/b><b><br \/><\/b><span style=\"font-weight: 400;\">You can allow, block or delete cookies installed on your device by configuring your browser options: Firefox, Chrome, Internet Explorer, Safari, Opera. If you use a browser other than the above, please refer to its support content or configuration settings.<\/span><\/p>\n<p><span style=\"font-weight: 400;\">To disable remarketing cookie-based ads, you can use the following links: Facebook, Twitter (uncheck the \"Promoted content\" box in the privacy settings) and AdWords. Alternatively, if you do not want the Google Analytics JavaScript code to collect data from your visit, you can install the opt-out add-on in your browser. The add-on does not prevent information from being sent to the website itself or, by other means, to other web analytics services.<\/span><\/p>\n<p>&nbsp;<\/p>\n<p>[\/et_pb_text][\/et_pb_column][\/et_pb_row][\/et_pb_section].<\/p>","protected":false},"excerpt":{"rendered":"<p>Legal Notice LEGAL NOTICE Elegant Excursions S.L.U. Crta Sabinita alta - Cruz del Guanche 121 - 38649 Arona - Santa cruz de Tenerife - Espa\u00f1aINTERMEDIARIO TUR\u00cdSTICO I-0002280.3Teide by Night INTERMEDIARIO TUR\u00cdSTICO I-0002280.4TURISMO ACTIVO TA-40000895.36TA-4-0000006 Complaint forms available at: Office of Elegant Excursions\/Teide by Night at Caretera General TF-66 Cruz del Guanche, valle san Lorenzo, Tenerife.from 10 a.m. to 4 p.m. Monday to Friday. Terms and conditions of use of the website https:\/\/www.elegant-excursions.comhttps:\/\/www.teidebynight.com\/ Elegant Excursions SLU owns the trademark, the domain and the website (hereinafter the website) https:\/\/www.elegant-excursions.com and https:\/\/www.teidebynight.com\/ Intellectual property1. This website (texts, images, trademarks, logos, audio and video clips, buttons, colour combinations, as well as the structure, selection and presentation of the content) is protected by Spanish and international legislation on intellectual property. Furthermore, the content of this website is considered software that complies with Spanish and European regulations in this respect. Reproduction of all or part of this website without the permission of Elegant Excursions S.L.U. is expressly prohibited. Elegant Excursions S.L.U. is not, nor is it responsible for the contents or statements published on other pages, which may be contrary to the law.<\/p>","protected":false},"author":1,"featured_media":0,"parent":0,"menu_order":0,"comment_status":"closed","ping_status":"closed","template":"","meta":{"_et_pb_use_builder":"on","_et_pb_old_content":"","_et_gb_content_width":"","footnotes":""},"class_list":["post-186","page","type-page","status-publish","hentry"],"yoast_head":"<!-- This site is optimized with the Yoast SEO plugin v26.0 - https:\/\/yoast.com\/wordpress\/plugins\/seo\/ -->\n<title>Aviso Legal - Elegant Excursions<\/title>\n<meta name=\"robots\" content=\"index, follow, max-snippet:-1, max-image-preview:large, max-video-preview:-1\" \/>\n<link rel=\"canonical\" href=\"https:\/\/elegant-excursions.com\/en\/aviso-legal\/\" \/>\n<meta property=\"og:locale\" content=\"en_GB\" \/>\n<meta property=\"og:type\" content=\"article\" \/>\n<meta property=\"og:title\" content=\"Aviso Legal - Elegant Excursions\" \/>\n<meta property=\"og:description\" content=\"Aviso LegalAVISO LEGAL Elegant Excursions S.L.U. Crta Sabinita alta \u2013 Cruz del Guanche 121 \u2013 38649 Arona \u2013 Santa cruz de Tenerife - Espa\u00f1aINTERMEDIARIO TUR\u00cdSTICO I-0002280.3Teide by Night INTERMEDIARIO TUR\u00cdSTICO I-0002280.4TURISMO ACTIVO TA-40000895.36TA-4-0000006 Hojas de reclamaciones disponibles en: Oficina de Elegant Excursions\/Teide by Night en la Caretera General TF-66 Cruz del Guanche, valle san Lorenzo, Tenerife.En horario de 10 a 16 h. de lunes a viernes. T\u00e9rminos y condiciones de uso de sitio web https:\/\/www.elegant-excursions.comhttps:\/\/www.teidebynight.com\/ Elegant Excursions SLU posee la marca registrada, el dominio y el sitio web (de aqu\u00ed el sitio web) https:\/\/www.elegant-excursions.com y https:\/\/www.teidebynight.com\/ Propiedad intelectual1. Este sitio web (textos, im\u00e1genes, marcas registradas, logotipos, audios y videos, botones, combinaciones de colores, as\u00ed como la estructura, selecci\u00f3n y presentaci\u00f3n del contenido) est\u00e1 protegido por la legislaci\u00f3n espa\u00f1ola y la legislaci\u00f3n internacional sobre la propiedad intelectual. Adem\u00e1s, el contenido de este sitio web se considera un software que cumple con la normativa espa\u00f1ola y europea a este respecto. La reproducci\u00f3n total o parcial de este sitio web sin el permiso de Elegant Excursions S.L.U. est\u00e1 expresamente prohibida. Elegant Excursions S.L.U. no es, ni se hace responsable de los contenidos o declaraciones publicadas en otras p\u00e1ginas, que pueden ser contrarios a [&hellip;]\" \/>\n<meta property=\"og:url\" content=\"https:\/\/elegant-excursions.com\/en\/aviso-legal\/\" \/>\n<meta property=\"og:site_name\" content=\"Elegant Excursions\" \/>\n<meta property=\"article:modified_time\" content=\"2024-11-12T12:29:22+00:00\" \/>\n<meta name=\"twitter:card\" content=\"summary_large_image\" \/>\n<meta name=\"twitter:label1\" content=\"Estimated reading time\" \/>\n\t<meta name=\"twitter:data1\" content=\"6 minutes\" \/>\n<script type=\"application\/ld+json\" class=\"yoast-schema-graph\">{\"@context\":\"https:\/\/schema.org\",\"@graph\":[{\"@type\":\"WebPage\",\"@id\":\"https:\/\/elegant-excursions.com\/aviso-legal\/\",\"url\":\"https:\/\/elegant-excursions.com\/aviso-legal\/\",\"name\":\"Aviso Legal - Elegant Excursions\",\"isPartOf\":{\"@id\":\"https:\/\/elegant-excursions.com\/#website\"},\"datePublished\":\"2024-11-05T15:53:46+00:00\",\"dateModified\":\"2024-11-12T12:29:22+00:00\",\"breadcrumb\":{\"@id\":\"https:\/\/elegant-excursions.com\/aviso-legal\/#breadcrumb\"},\"inLanguage\":\"en-GB\",\"potentialAction\":[{\"@type\":\"ReadAction\",\"target\":[\"https:\/\/elegant-excursions.com\/aviso-legal\/\"]}]},{\"@type\":\"BreadcrumbList\",\"@id\":\"https:\/\/elegant-excursions.com\/aviso-legal\/#breadcrumb\",\"itemListElement\":[{\"@type\":\"ListItem\",\"position\":1,\"name\":\"Portada\",\"item\":\"https:\/\/elegant-excursions.com\/\"},{\"@type\":\"ListItem\",\"position\":2,\"name\":\"Aviso Legal\"}]},{\"@type\":\"WebSite\",\"@id\":\"https:\/\/elegant-excursions.com\/#website\",\"url\":\"https:\/\/elegant-excursions.com\/\",\"name\":\"Elegant Excursions\",\"description\":\"\",\"potentialAction\":[{\"@type\":\"SearchAction\",\"target\":{\"@type\":\"EntryPoint\",\"urlTemplate\":\"https:\/\/elegant-excursions.com\/?s={search_term_string}\"},\"query-input\":{\"@type\":\"PropertyValueSpecification\",\"valueRequired\":true,\"valueName\":\"search_term_string\"}}],\"inLanguage\":\"en-GB\"}]}<\/script>\n<!-- \/ Yoast SEO plugin. -->","yoast_head_json":{"title":"Aviso Legal - Elegant Excursions","robots":{"index":"index","follow":"follow","max-snippet":"max-snippet:-1","max-image-preview":"max-image-preview:large","max-video-preview":"max-video-preview:-1"},"canonical":"https:\/\/elegant-excursions.com\/en\/aviso-legal\/","og_locale":"en_GB","og_type":"article","og_title":"Aviso Legal - Elegant Excursions","og_description":"Aviso LegalAVISO LEGAL Elegant Excursions S.L.U. Crta Sabinita alta \u2013 Cruz del Guanche 121 \u2013 38649 Arona \u2013 Santa cruz de Tenerife - Espa\u00f1aINTERMEDIARIO TUR\u00cdSTICO I-0002280.3Teide by Night INTERMEDIARIO TUR\u00cdSTICO I-0002280.4TURISMO ACTIVO TA-40000895.36TA-4-0000006 Hojas de reclamaciones disponibles en: Oficina de Elegant Excursions\/Teide by Night en la Caretera General TF-66 Cruz del Guanche, valle san Lorenzo, Tenerife.En horario de 10 a 16 h. de lunes a viernes. T\u00e9rminos y condiciones de uso de sitio web https:\/\/www.elegant-excursions.comhttps:\/\/www.teidebynight.com\/ Elegant Excursions SLU posee la marca registrada, el dominio y el sitio web (de aqu\u00ed el sitio web) https:\/\/www.elegant-excursions.com y https:\/\/www.teidebynight.com\/ Propiedad intelectual1. Este sitio web (textos, im\u00e1genes, marcas registradas, logotipos, audios y videos, botones, combinaciones de colores, as\u00ed como la estructura, selecci\u00f3n y presentaci\u00f3n del contenido) est\u00e1 protegido por la legislaci\u00f3n espa\u00f1ola y la legislaci\u00f3n internacional sobre la propiedad intelectual. Adem\u00e1s, el contenido de este sitio web se considera un software que cumple con la normativa espa\u00f1ola y europea a este respecto. La reproducci\u00f3n total o parcial de este sitio web sin el permiso de Elegant Excursions S.L.U. est\u00e1 expresamente prohibida. Elegant Excursions S.L.U. no es, ni se hace responsable de los contenidos o declaraciones publicadas en otras p\u00e1ginas, que pueden ser contrarios a [&hellip;]","og_url":"https:\/\/elegant-excursions.com\/en\/aviso-legal\/","og_site_name":"Elegant Excursions","article_modified_time":"2024-11-12T12:29:22+00:00","twitter_card":"summary_large_image","twitter_misc":{"Estimated reading time":"6 minutes"},"schema":{"@context":"https:\/\/schema.org","@graph":[{"@type":"WebPage","@id":"https:\/\/elegant-excursions.com\/aviso-legal\/","url":"https:\/\/elegant-excursions.com\/aviso-legal\/","name":"Aviso Legal - Elegant Excursions","isPartOf":{"@id":"https:\/\/elegant-excursions.com\/#website"},"datePublished":"2024-11-05T15:53:46+00:00","dateModified":"2024-11-12T12:29:22+00:00","breadcrumb":{"@id":"https:\/\/elegant-excursions.com\/aviso-legal\/#breadcrumb"},"inLanguage":"en-GB","potentialAction":[{"@type":"ReadAction","target":["https:\/\/elegant-excursions.com\/aviso-legal\/"]}]},{"@type":"BreadcrumbList","@id":"https:\/\/elegant-excursions.com\/aviso-legal\/#breadcrumb","itemListElement":[{"@type":"ListItem","position":1,"name":"Portada","item":"https:\/\/elegant-excursions.com\/"},{"@type":"ListItem","position":2,"name":"Aviso Legal"}]},{"@type":"WebSite","@id":"https:\/\/elegant-excursions.com\/#website","url":"https:\/\/elegant-excursions.com\/","name":"Elegant Excursions","description":"","potentialAction":[{"@type":"SearchAction","target":{"@type":"EntryPoint","urlTemplate":"https:\/\/elegant-excursions.com\/?s={search_term_string}"},"query-input":{"@type":"PropertyValueSpecification","valueRequired":true,"valueName":"search_term_string"}}],"inLanguage":"en-GB"}]}},"_links":{"self":[{"href":"https:\/\/elegant-excursions.com\/en\/wp-json\/wp\/v2\/pages\/186","targetHints":{"allow":["GET"]}}],"collection":[{"href":"https:\/\/elegant-excursions.com\/en\/wp-json\/wp\/v2\/pages"}],"about":[{"href":"https:\/\/elegant-excursions.com\/en\/wp-json\/wp\/v2\/types\/page"}],"author":[{"embeddable":true,"href":"https:\/\/elegant-excursions.com\/en\/wp-json\/wp\/v2\/users\/1"}],"replies":[{"embeddable":true,"href":"https:\/\/elegant-excursions.com\/en\/wp-json\/wp\/v2\/comments?post=186"}],"version-history":[{"count":11,"href":"https:\/\/elegant-excursions.com\/en\/wp-json\/wp\/v2\/pages\/186\/revisions"}],"predecessor-version":[{"id":235,"href":"https:\/\/elegant-excursions.com\/en\/wp-json\/wp\/v2\/pages\/186\/revisions\/235"}],"wp:attachment":[{"href":"https:\/\/elegant-excursions.com\/en\/wp-json\/wp\/v2\/media?parent=186"}],"curies":[{"name":"wp","href":"https:\/\/api.w.org\/{rel}","templated":true}]}}