{"id":186,"date":"2024-11-05T15:53:46","date_gmt":"2024-11-05T15:53:46","guid":{"rendered":"https:\/\/elegant-excursions.com\/?page_id=186"},"modified":"2024-11-12T12:29:22","modified_gmt":"2024-11-12T12:29:22","slug":"aviso-legal","status":"publish","type":"page","link":"https:\/\/elegant-excursions.com\/de\/aviso-legal\/","title":{"rendered":"Rechtlicher Hinweis"},"content":{"rendered":"<p>[et_pb_section fb_built=\"1\u2033 _builder_version=\"4.27.2\u2033 _module_preset=\"default\" custom_padding=\"41px|||||\" global_colors_info=\"{}\"][et_pb_row _builder_version=\"4.27.2\u2033 _module_preset=\"default\" global_colors_info=\"{}\"][et_pb_column type=\"4_4\u2033 _builder_version=\"4.27.2\u2033 _module_preset=\"default\" global_colors_info=\"{}\"][et_pb_text _builder_version=\"4.27.2\u2033 _module_preset=\"default\" header_text_align=\"left\" global_colors_info=\"{}\"]<\/p>\n<h1>Rechtlicher Hinweis<\/h1>\n<p>[\/et_pb_text][et_pb_text _builder_version=\"4.27.2\u2033 _module_preset=\"default\" global_colors_info=\"{}\"]<\/p>\n<p><b>RECHTLICHER HINWEIS<\/b><\/p>\n<p><b>Elegant Excursions S.L.U. <\/b><span style=\"font-weight: 400;\"><br \/><\/span><span style=\"font-weight: 400;\">Crta Sabinita alta - Cruz del Guanche 121 - 38649 Arona - Santa Cruz de Tenerife - Spanien<\/span><span style=\"font-weight: 400;\"><br \/><\/span><span style=\"font-weight: 400;\">INTERMEDIARIO TUR\u00cdSTICO I-0002280.3<\/span><span style=\"font-weight: 400;\"><br \/><\/span><span style=\"font-weight: 400;\"><br \/><\/span><b>Teide by Night<\/b> <span style=\"font-weight: 400;\"><br \/><\/span><span style=\"font-weight: 400;\">INTERMEDIARIO TUR\u00cdSTICO I-0002280.4<\/span><span style=\"font-weight: 400;\"><br \/><\/span><span style=\"font-weight: 400;\">TURISMO ACTIVO <\/span><span style=\"font-weight: 400;\"><br \/><\/span><span style=\"font-weight: 400;\">TA-40000895.36<\/span><span style=\"font-weight: 400;\"><br \/><\/span><span style=\"font-weight: 400;\">TA-4-0000006<\/span><\/p>\n<p><span style=\"font-weight: 400;\">Reklamationsformulare sind erh\u00e4ltlich im B\u00fcro von Elegant Excursions\/Teide by Night in der Caretera General TF-66 Cruz del Guanche, Valle San Lorenzo, Teneriffa.<\/span><span style=\"font-weight: 400;\"><br \/><\/span><span style=\"font-weight: 400;\">Von 10 bis 16 Uhr von Montag bis Freitag.<\/span><\/p>\n<p class=\"translation-block\"><span style=\"font-weight: 400\">Nutzungsbedingungen der Website<\/span><span style=\"font-weight: 400\"><br><\/span><span style=\"font-weight: 400\">https:\/\/<\/span><a href=\"https:\/\/elegant-excursions.com\/de\/\" target=\"_self\"><span style=\"font-weight: 400\">www.elegant-excursions.com<\/span><span style=\"font-weight: 400\"><br><\/span><\/a><span style=\"font-weight: 400\">https:\/\/www.teidebynight.com\/<\/span><\/a><span style=\"font-weight: 400\"><br><\/span><\/p>\n<p><span style=\"font-weight: 400;\">Elegant Excursions SLU ist Eigent\u00fcmer der Marke, der Domain und der Website <a href=\"https:\/\/elegant-excursions.com\/de\/\">https:\/\/<\/a><\/span><a href=\"https:\/\/elegant-excursions.com\/de\/\"><span style=\"font-weight: 400;\">www.elegant-excursions.com<\/span><\/a><span style=\"font-weight: 400;\"> und <a href=\"https:\/\/www.teidebynight.com\/\">https:\/\/www.teidebynight.com\/<\/a><\/span><\/p>\n<p><b>Geistiges Eigentum<\/b><b><br \/><\/b><span style=\"font-weight: 400;\">1. Diese Website (Texte, Bilder, Marken, Logos, Audios und Videos, Schaltfl\u00e4chen, Farbkombinationen sowie die Struktur, Auswahl und Pr\u00e4sentation der Inhalte) ist durch die spanische und internationale Gesetzgebung zum geistigen Eigentum gesch\u00fctzt. Dar\u00fcber hinaus wird der Inhalt dieser Website als Software betrachtet, die den diesbez\u00fcglichen spanischen und europ\u00e4ischen Vorschriften entspricht. Die Vervielf\u00e4ltigung der gesamten oder eines Teils dieser Website ohne die Genehmigung von Elegant Excursions S.L.U. ist ausdr\u00fccklich verboten.<\/span><\/p>\n<ol start=\"2\">\n<li><span style=\"font-weight: 400;\"> Elegant Excursions S.L.U. ist nicht verantwortlich f\u00fcr die Inhalte oder Aussagen, die auf anderen Seiten ver\u00f6ffentlicht werden und die unserer Meinung oder unseren Grunds\u00e4tzen widersprechen k\u00f6nnen. Nichtsdestotrotz respektiert Elegant Excursions die geistigen Eigentumsrechte jedes Autors sowie die Freiheit der Meinungs\u00e4u\u00dferung.<\/span><\/li>\n<\/ol>\n<p><b>Zugang der Nutzer zur Website<\/b><b><br \/><\/b><span style=\"font-weight: 400;\">Die Website ist f\u00fcr alle Nutzer zug\u00e4nglich <a href=\"https:\/\/elegant-excursions.com\/de\/\"><\/a><a href=\"https:\/\/elegant-excursions.com\/de\/\">https:\/\/www.elegant-excursions.com<\/a><\/span><span style=\"font-weight: 400;\">\u00a0und <a href=\"https:\/\/www.teidebynight.com\/\">https:\/\/www.teidebynight.com\/<\/a> kostenlos.<\/span><\/p>\n<p>&nbsp;<\/p>\n<p><b>BEDINGUNGEN UND KONDITIONEN<\/b><\/p>\n<p><b>Datenschutz und Sicherheit<\/b><b><br \/><\/b><span style=\"font-weight: 400;\">Wir wissen, dass die Weitergabe Ihrer pers\u00f6nlichen Daten Vertrauen erfordert. Unsere Priorit\u00e4t ist es, dieses Vertrauen aufrechtzuerhalten, indem wir Ihre Daten jedes Mal, wenn Sie unsere Website besuchen oder unsere Dienste in Anspruch nehmen, mit der gr\u00f6\u00dftm\u00f6glichen Sicherheit und Vertraulichkeit behandeln. Wir ben\u00f6tigen grundlegende Informationen, um Ihre Buchung abzuschlie\u00dfen, einschlie\u00dflich Ihres Namens, Ihrer Telefonnummer und Ihrer E-Mail-Adresse.<\/span><\/p>\n<p><b>Bedingungen der Dienstleistung<\/b><b><br \/><\/b><span style=\"font-weight: 400;\">Bitte lesen Sie diese Allgemeinen Gesch\u00e4ftsbedingungen sorgf\u00e4ltig durch, bevor Sie eine Online-Buchung bei, <\/span><i><span style=\"font-weight: 400;\">Elegant Excursions<\/span><\/i><span style=\"font-weight: 400;\">, vornehmen. Wenn Deutsch nicht Ihre Muttersprache ist, m\u00fcssen Sie sich vergewissern, dass Sie diese Bedingungen klar verstehen, bevor Sie Ihre Zustimmung durch Ankreuzen des entsprechenden K\u00e4stchens best\u00e4tigen.<\/span><\/p>\n<p><b>Buchungsbedingungen<\/b><b><br \/><\/b><span style=\"font-weight: 400;\">Bei der Buchung eines der Ausfl\u00fcge in <a href=\"https:\/\/www.teidebynight.com\/\">https:\/\/www.teidebynight.com<\/a>\u00a0oder <a href=\"https:\/\/elegant-excursions.com\/de\/\">https:\/\/<\/a><\/span><a href=\"https:\/\/elegant-excursions.com\/de\/\"><span style=\"font-weight: 400;\">www.elegant-excursions.com<\/span><\/a><span style=\"font-weight: 400;\">, erkl\u00e4ren Sie sich mit diesen Nutzungsbedingungen einverstanden:<\/span><\/p>\n<ul>\n<li style=\"font-weight: 400;\" aria-level=\"1\"><span style=\"font-weight: 400;\">Alle Preise sind in Euro angegeben.<\/span><\/li>\n<li style=\"font-weight: 400;\" aria-level=\"1\"><span style=\"font-weight: 400;\">Reservierungen m\u00fcssen mindestens 24 Stunden vor der Abfahrtszeit bezahlt werden, andernfalls werden sie automatisch storniert.<\/span><\/li>\n<\/ul>\n<p><b>Digitale Fahrkarten<\/b><b><br \/><\/b><span style=\"font-weight: 400;\">Nach Abschluss Ihrer Buchung erhalten Sie Ihre digitalen Tickets per E-Mail, die Sie am Tag des Ausflugs vorlegen m\u00fcssen (digitales Format).<\/span><\/p>\n<p><b>Annullierungsbedingungen<\/b><b><br \/><\/b><span style=\"font-weight: 400;\">F\u00fcr Buchungen, die mehr als 24 Stunden vor der Abholzeit storniert werden, bieten wir eine volle R\u00fcckerstattung. Bei Stornierungen innerhalb von 24 Stunden vor der Abholzeit erfolgt keine Erstattung.<\/span><b><br \/><\/b><i><span style=\"font-weight: 400;\">Elegant Excursions<\/span><\/i><span style=\"font-weight: 400;\"> kann die Aktivit\u00e4t bei ung\u00fcnstigen Witterungsbedingungen, beh\u00f6rdlichen Ma\u00dfnahmen oder unvorhersehbaren \u00e4u\u00dferen Umst\u00e4nden, die die Durchf\u00fchrung der Aktivit\u00e4t unm\u00f6glich machen oder erschweren, absagen, ohne dass es zu einer Entsch\u00e4digung oder Forderung kommt.<\/span><\/p>\n<p><em>Elegant Excursions<\/em> beh\u00e4lt sich das Recht vor, einem Teilnehmer die Zulassung zu verweigern oder ihn von einer Aktivit\u00e4t auszuschlie\u00dfen, wenn er die Teilnahmevoraussetzungen nicht erf\u00fcllt oder wenn seine Teilnahme eine Gefahr f\u00fcr ihn selbst oder andere darstellt oder den ordnungsgem\u00e4\u00dfen Ablauf der Aktivit\u00e4t beeintr\u00e4chtigt.<\/p>\n<p>&nbsp;<\/p>\n<p><b>DATENSCHUTZPOLITIK<\/b><b><br \/><\/b><span style=\"font-weight: 400;\">In \u00dcbereinstimmung mit der Allgemeinen Datenschutzverordnung (EU) 2016\/679 des Europ\u00e4ischen Parlaments und des Rates vom 27. April 2016 informieren wir Sie dar\u00fcber, dass die von Ihnen angegebenen personenbezogenen Daten von ELEGANT EXCURSIONS S.L.U. mit der CIF-Nummer B76560895, mit Sitz in EL GUANCHE (SANTA CRUZ DE TENERIFE), C. P. 38639, CRTA SABINITA ALTA, verarbeitet werden. Die Rechtsgrundlage f\u00fcr die Verarbeitung Ihrer pers\u00f6nlichen Daten ist die Ausf\u00fchrung der vertraglich vereinbarten Dienstleistung. Das zuk\u00fcnftige Angebot von Produkten und Dienstleistungen wird auf der Grundlage der angeforderten Zustimmung erfolgen.<\/span><\/p>\n<p><span style=\"font-weight: 400;\">Die zur Verf\u00fcgung gestellten Daten werden f\u00fcr die Dauer der Gesch\u00e4ftsbeziehung oder f\u00fcr die zur Erf\u00fcllung gesetzlicher Verpflichtungen erforderlichen Jahre aufbewahrt. Die Daten werden nicht an Dritte weitergegeben, au\u00dfer in F\u00e4llen, in denen eine gesetzliche Verpflichtung besteht. <\/span><span style=\"font-weight: 400;\"><br \/><\/span><span style=\"font-weight: 400;\">Wir bitten auch um die Erlaubnis, Ihnen Produkte und Dienstleistungen anbieten zu d\u00fcrfen, die mit den von unserem Unternehmen bestellten, erbrachten und\/oder vermarkteten Produkten und Dienstleistungen in Zusammenhang stehen, damit wir Sie als Kunden behalten k\u00f6nnen.<\/span><\/p>\n<p>&nbsp;<\/p>\n<p><b>COOKIES-POLITIK<\/b><\/p>\n<p><span style=\"font-weight: 400;\">Elegant Excursions kann Cookies und \u00e4hnliche Technologien (im Folgenden \"Cookies\") verwenden, um Informationen von den Ger\u00e4ten der Nutzer seiner Websites zu speichern und abzurufen.<\/span><\/p>\n<p><span style=\"font-weight: 400;\">Sie erkl\u00e4ren sich mit der Verwendung von Cookies und unserer Datenschutzrichtlinie einverstanden, wenn Sie auf der Website surfen oder sie weiter nutzen. Die Verwendung von Cookies ist freiwillig, aber wenn Sie die Installation von Cookies blockieren, k\u00f6nnen Sie Probleme bei der Nutzung einiger Funktionen der Website haben.<\/span><\/p>\n<p><b>Welche Art von Cookies verwendet diese Website?<\/b><b><br \/><\/b><span style=\"font-weight: 400;\">Technische Cookies: f\u00fcr das Surfen und das reibungslose Funktionieren der Website. Sie sind notwendig, um eingeschr\u00e4nkte Bereiche zu betreten, den Kaufvorgang abzuschlie\u00dfen oder Inhalte in sozialen Netzwerken zu teilen.<\/span><b><br \/><\/b><span style=\"font-weight: 400;\">Anpassungs-Cookies: erm\u00f6glichen Ihnen die Konfiguration einer Reihe von Aspekten wie Sprache, W\u00e4hrung, regionale Konfiguration usw.<\/span><b><br \/><\/b><span style=\"font-weight: 400;\">Analyse-Cookies: Diese erm\u00f6glichen eine statistische Analyse der Nutzung der Website.<\/span><b><br \/><\/b><span style=\"font-weight: 400;\">Werbe-Cookies: erm\u00f6glichen die effiziente Verwaltung von Werbefl\u00e4chen.<\/span><b><br \/><\/b><span style=\"font-weight: 400;\">Cookies f\u00fcr verhaltensorientierte Werbung: Sie zeichnen die Surfgewohnheiten auf und erm\u00f6glichen die Anzeige von personalisierten Inhalten.<\/span><b><br \/><\/b><span style=\"font-weight: 400;\">Diese Website verwendet die reCaptcha-Technologie, um das Senden und Empfangen von automatisch generierten Spam-E-Mails zu verhindern. Dieser Dienst ruft Informationen \u00fcber die Hard- und Software des Nutzers ab, um eine Reihe von Pr\u00fcfungen durchzuf\u00fchren, um festzustellen, ob der Besucher ein Mensch oder ein Roboter ist. Lesen Sie die Datenschutzbestimmungen von Google.<\/span><\/p>\n<p><span style=\"font-weight: 400;\">Dar\u00fcber hinaus sollten Sie wissen, dass Cookies von Drittanbietern, die von anderen Partnern wie sozialen Netzwerken oder externen eingebetteten Inhalten wie Videos wie Facebook, Twitter, Pinterest, Google+, GAnalytics, Vimeo usw. an Ihr Ger\u00e4t gesendet werden, installiert werden.<\/span><\/p>\n<p><b>Cookie-Verwaltung<\/b><b><br \/><\/b><span style=\"font-weight: 400;\">Sie k\u00f6nnen die auf Ihrem Ger\u00e4t installierten Cookies zulassen, blockieren oder l\u00f6schen, indem Sie Ihre Browseroptionen konfigurieren: Firefox, Chrome, Internet Explorer, Safari, Opera. Wenn Sie einen anderen Browser als die oben genannten verwenden, lesen Sie bitte dessen Support-Inhalte oder Konfigurationseinstellungen.<\/span><\/p>\n<p><span style=\"font-weight: 400;\">Um auf Cookies basierende Remarketing-Anzeigen zu deaktivieren, k\u00f6nnen Sie die folgenden Links verwenden: Facebook, Twitter (deaktivieren Sie das Kontrollk\u00e4stchen \"Geworbener Inhalt\" in den Datenschutzeinstellungen) und AdWords. Wenn Sie nicht m\u00f6chten, dass der JavaScript-Code von Google Analytics Daten \u00fcber Ihren Besuch sammelt, k\u00f6nnen Sie alternativ das Opt-out-Add-on in Ihrem Browser installieren. Das Add-on verhindert nicht, dass Informationen an die Website selbst oder auf anderem Wege an andere Webanalysedienste \u00fcbermittelt werden.<\/span><\/p>\n<p>&nbsp;<\/p>\n<p>[\/et_pb_text][\/et_pb_column][\/et_pb_row][\/et_pb_section].<\/p>","protected":false},"excerpt":{"rendered":"<p>Impressum RECHTLICHER HINWEIS Elegant Excursions S.L.U. Crta Sabinita alta - Cruz del Guanche 121 - 38649 Arona - Santa cruz de Tenerife - Espa\u00f1aINTERMEDIARIO TUR\u00cdSTICO I-0002280.3Teide by Night INTERMEDIARIO TUR\u00cdSTICO I-0002280.4TURISMO ACTIVO TA-40000895.36TA-4-0000006 Beschwerdeformulare erh\u00e4ltlich bei: B\u00fcro von Elegant Excursions\/Teide by Night in der Caretera General TF-66 Cruz del Guanche, valle san Lorenzo, Teneriffa.von 10 bis 16 Uhr, Montag bis Freitag. Nutzungsbedingungen der Website https:\/\/www.elegant-excursions.comhttps:\/\/www.teidebynight.com\/ Elegant Excursions SLU ist Eigent\u00fcmerin der Marke, der Domain und der Website (im Folgenden die Website) https:\/\/www.elegant-excursions.com und https:\/\/www.teidebynight.com\/ Geistiges Eigentum1. Diese Website (Texte, Bilder, Marken, Logos, Audio- und Videoclips, Schaltfl\u00e4chen, Farbkombinationen sowie die Struktur, Auswahl und Pr\u00e4sentation des Inhalts) ist durch die spanische und internationale Gesetzgebung zum geistigen Eigentum gesch\u00fctzt. Dar\u00fcber hinaus wird der Inhalt dieser Website als Software betrachtet, die den spanischen und europ\u00e4ischen Vorschriften in diesem Bereich entspricht. Die Vervielf\u00e4ltigung der gesamten oder eines Teils dieser Website ohne die Genehmigung von Elegant Excursions S.L.U. ist ausdr\u00fccklich verboten. Elegant Excursions S.L.U. ist weder verantwortlich noch haftet sie f\u00fcr die Inhalte oder Aussagen, die auf anderen Seiten ver\u00f6ffentlicht werden und m\u00f6glicherweise gegen das Gesetz versto\u00dfen.<\/p>","protected":false},"author":1,"featured_media":0,"parent":0,"menu_order":0,"comment_status":"closed","ping_status":"closed","template":"","meta":{"_et_pb_use_builder":"on","_et_pb_old_content":"","_et_gb_content_width":"","footnotes":""},"class_list":["post-186","page","type-page","status-publish","hentry"],"yoast_head":"<!-- This site is optimized with the Yoast SEO plugin v26.0 - https:\/\/yoast.com\/wordpress\/plugins\/seo\/ -->\n<title>Aviso Legal - Elegant Excursions<\/title>\n<meta name=\"robots\" content=\"index, follow, max-snippet:-1, max-image-preview:large, max-video-preview:-1\" \/>\n<link rel=\"canonical\" href=\"https:\/\/elegant-excursions.com\/de\/aviso-legal\/\" \/>\n<meta property=\"og:locale\" content=\"de_DE\" \/>\n<meta property=\"og:type\" content=\"article\" \/>\n<meta property=\"og:title\" content=\"Aviso Legal - Elegant Excursions\" \/>\n<meta property=\"og:description\" content=\"Aviso LegalAVISO LEGAL Elegant Excursions S.L.U. Crta Sabinita alta \u2013 Cruz del Guanche 121 \u2013 38649 Arona \u2013 Santa cruz de Tenerife - Espa\u00f1aINTERMEDIARIO TUR\u00cdSTICO I-0002280.3Teide by Night INTERMEDIARIO TUR\u00cdSTICO I-0002280.4TURISMO ACTIVO TA-40000895.36TA-4-0000006 Hojas de reclamaciones disponibles en: Oficina de Elegant Excursions\/Teide by Night en la Caretera General TF-66 Cruz del Guanche, valle san Lorenzo, Tenerife.En horario de 10 a 16 h. de lunes a viernes. T\u00e9rminos y condiciones de uso de sitio web https:\/\/www.elegant-excursions.comhttps:\/\/www.teidebynight.com\/ Elegant Excursions SLU posee la marca registrada, el dominio y el sitio web (de aqu\u00ed el sitio web) https:\/\/www.elegant-excursions.com y https:\/\/www.teidebynight.com\/ Propiedad intelectual1. Este sitio web (textos, im\u00e1genes, marcas registradas, logotipos, audios y videos, botones, combinaciones de colores, as\u00ed como la estructura, selecci\u00f3n y presentaci\u00f3n del contenido) est\u00e1 protegido por la legislaci\u00f3n espa\u00f1ola y la legislaci\u00f3n internacional sobre la propiedad intelectual. Adem\u00e1s, el contenido de este sitio web se considera un software que cumple con la normativa espa\u00f1ola y europea a este respecto. La reproducci\u00f3n total o parcial de este sitio web sin el permiso de Elegant Excursions S.L.U. est\u00e1 expresamente prohibida. Elegant Excursions S.L.U. no es, ni se hace responsable de los contenidos o declaraciones publicadas en otras p\u00e1ginas, que pueden ser contrarios a [&hellip;]\" \/>\n<meta property=\"og:url\" content=\"https:\/\/elegant-excursions.com\/de\/aviso-legal\/\" \/>\n<meta property=\"og:site_name\" content=\"Elegant Excursions\" \/>\n<meta property=\"article:modified_time\" content=\"2024-11-12T12:29:22+00:00\" \/>\n<meta name=\"twitter:card\" content=\"summary_large_image\" \/>\n<meta name=\"twitter:label1\" content=\"Gesch\u00e4tzte Lesezeit\" \/>\n\t<meta name=\"twitter:data1\" content=\"6\u00a0Minuten\" \/>\n<script type=\"application\/ld+json\" class=\"yoast-schema-graph\">{\"@context\":\"https:\/\/schema.org\",\"@graph\":[{\"@type\":\"WebPage\",\"@id\":\"https:\/\/elegant-excursions.com\/aviso-legal\/\",\"url\":\"https:\/\/elegant-excursions.com\/aviso-legal\/\",\"name\":\"Aviso Legal - Elegant Excursions\",\"isPartOf\":{\"@id\":\"https:\/\/elegant-excursions.com\/#website\"},\"datePublished\":\"2024-11-05T15:53:46+00:00\",\"dateModified\":\"2024-11-12T12:29:22+00:00\",\"breadcrumb\":{\"@id\":\"https:\/\/elegant-excursions.com\/aviso-legal\/#breadcrumb\"},\"inLanguage\":\"de\",\"potentialAction\":[{\"@type\":\"ReadAction\",\"target\":[\"https:\/\/elegant-excursions.com\/aviso-legal\/\"]}]},{\"@type\":\"BreadcrumbList\",\"@id\":\"https:\/\/elegant-excursions.com\/aviso-legal\/#breadcrumb\",\"itemListElement\":[{\"@type\":\"ListItem\",\"position\":1,\"name\":\"Portada\",\"item\":\"https:\/\/elegant-excursions.com\/\"},{\"@type\":\"ListItem\",\"position\":2,\"name\":\"Aviso Legal\"}]},{\"@type\":\"WebSite\",\"@id\":\"https:\/\/elegant-excursions.com\/#website\",\"url\":\"https:\/\/elegant-excursions.com\/\",\"name\":\"Elegant Excursions\",\"description\":\"\",\"potentialAction\":[{\"@type\":\"SearchAction\",\"target\":{\"@type\":\"EntryPoint\",\"urlTemplate\":\"https:\/\/elegant-excursions.com\/?s={search_term_string}\"},\"query-input\":{\"@type\":\"PropertyValueSpecification\",\"valueRequired\":true,\"valueName\":\"search_term_string\"}}],\"inLanguage\":\"de\"}]}<\/script>\n<!-- \/ Yoast SEO plugin. -->","yoast_head_json":{"title":"Aviso Legal - Elegant Excursions","robots":{"index":"index","follow":"follow","max-snippet":"max-snippet:-1","max-image-preview":"max-image-preview:large","max-video-preview":"max-video-preview:-1"},"canonical":"https:\/\/elegant-excursions.com\/de\/aviso-legal\/","og_locale":"de_DE","og_type":"article","og_title":"Aviso Legal - Elegant Excursions","og_description":"Aviso LegalAVISO LEGAL Elegant Excursions S.L.U. Crta Sabinita alta \u2013 Cruz del Guanche 121 \u2013 38649 Arona \u2013 Santa cruz de Tenerife - Espa\u00f1aINTERMEDIARIO TUR\u00cdSTICO I-0002280.3Teide by Night INTERMEDIARIO TUR\u00cdSTICO I-0002280.4TURISMO ACTIVO TA-40000895.36TA-4-0000006 Hojas de reclamaciones disponibles en: Oficina de Elegant Excursions\/Teide by Night en la Caretera General TF-66 Cruz del Guanche, valle san Lorenzo, Tenerife.En horario de 10 a 16 h. de lunes a viernes. T\u00e9rminos y condiciones de uso de sitio web https:\/\/www.elegant-excursions.comhttps:\/\/www.teidebynight.com\/ Elegant Excursions SLU posee la marca registrada, el dominio y el sitio web (de aqu\u00ed el sitio web) https:\/\/www.elegant-excursions.com y https:\/\/www.teidebynight.com\/ Propiedad intelectual1. Este sitio web (textos, im\u00e1genes, marcas registradas, logotipos, audios y videos, botones, combinaciones de colores, as\u00ed como la estructura, selecci\u00f3n y presentaci\u00f3n del contenido) est\u00e1 protegido por la legislaci\u00f3n espa\u00f1ola y la legislaci\u00f3n internacional sobre la propiedad intelectual. Adem\u00e1s, el contenido de este sitio web se considera un software que cumple con la normativa espa\u00f1ola y europea a este respecto. La reproducci\u00f3n total o parcial de este sitio web sin el permiso de Elegant Excursions S.L.U. est\u00e1 expresamente prohibida. Elegant Excursions S.L.U. no es, ni se hace responsable de los contenidos o declaraciones publicadas en otras p\u00e1ginas, que pueden ser contrarios a [&hellip;]","og_url":"https:\/\/elegant-excursions.com\/de\/aviso-legal\/","og_site_name":"Elegant Excursions","article_modified_time":"2024-11-12T12:29:22+00:00","twitter_card":"summary_large_image","twitter_misc":{"Gesch\u00e4tzte Lesezeit":"6\u00a0Minuten"},"schema":{"@context":"https:\/\/schema.org","@graph":[{"@type":"WebPage","@id":"https:\/\/elegant-excursions.com\/aviso-legal\/","url":"https:\/\/elegant-excursions.com\/aviso-legal\/","name":"Aviso Legal - Elegant Excursions","isPartOf":{"@id":"https:\/\/elegant-excursions.com\/#website"},"datePublished":"2024-11-05T15:53:46+00:00","dateModified":"2024-11-12T12:29:22+00:00","breadcrumb":{"@id":"https:\/\/elegant-excursions.com\/aviso-legal\/#breadcrumb"},"inLanguage":"de","potentialAction":[{"@type":"ReadAction","target":["https:\/\/elegant-excursions.com\/aviso-legal\/"]}]},{"@type":"BreadcrumbList","@id":"https:\/\/elegant-excursions.com\/aviso-legal\/#breadcrumb","itemListElement":[{"@type":"ListItem","position":1,"name":"Portada","item":"https:\/\/elegant-excursions.com\/"},{"@type":"ListItem","position":2,"name":"Aviso Legal"}]},{"@type":"WebSite","@id":"https:\/\/elegant-excursions.com\/#website","url":"https:\/\/elegant-excursions.com\/","name":"Elegant Excursions","description":"","potentialAction":[{"@type":"SearchAction","target":{"@type":"EntryPoint","urlTemplate":"https:\/\/elegant-excursions.com\/?s={search_term_string}"},"query-input":{"@type":"PropertyValueSpecification","valueRequired":true,"valueName":"search_term_string"}}],"inLanguage":"de"}]}},"_links":{"self":[{"href":"https:\/\/elegant-excursions.com\/de\/wp-json\/wp\/v2\/pages\/186","targetHints":{"allow":["GET"]}}],"collection":[{"href":"https:\/\/elegant-excursions.com\/de\/wp-json\/wp\/v2\/pages"}],"about":[{"href":"https:\/\/elegant-excursions.com\/de\/wp-json\/wp\/v2\/types\/page"}],"author":[{"embeddable":true,"href":"https:\/\/elegant-excursions.com\/de\/wp-json\/wp\/v2\/users\/1"}],"replies":[{"embeddable":true,"href":"https:\/\/elegant-excursions.com\/de\/wp-json\/wp\/v2\/comments?post=186"}],"version-history":[{"count":11,"href":"https:\/\/elegant-excursions.com\/de\/wp-json\/wp\/v2\/pages\/186\/revisions"}],"predecessor-version":[{"id":235,"href":"https:\/\/elegant-excursions.com\/de\/wp-json\/wp\/v2\/pages\/186\/revisions\/235"}],"wp:attachment":[{"href":"https:\/\/elegant-excursions.com\/de\/wp-json\/wp\/v2\/media?parent=186"}],"curies":[{"name":"wp","href":"https:\/\/api.w.org\/{rel}","templated":true}]}}